{"id":20648,"date":"2023-10-02T09:14:09","date_gmt":"2023-10-02T07:14:09","guid":{"rendered":"https:\/\/rosentalerhof.at\/med-andrea-martin\/"},"modified":"2025-12-09T11:31:36","modified_gmt":"2025-12-09T10:31:36","slug":"med-andrea-martin","status":"publish","type":"page","link":"https:\/\/rosentalerhof.at\/da\/med-andrea-martin\/","title":{"rendered":"med Andrea &amp; Martin"},"content":{"rendered":"<p><div class=\"fusion-fullwidth fullwidth-box fusion-builder-row-1 fusion-flex-container fusion-parallax-none nonhundred-percent-fullwidth non-hundred-percent-height-scrolling essen-top \" style=\"--awb-background-position:center top;--awb-border-radius-top-left:0px;--awb-border-radius-top-right:0px;--awb-border-radius-bottom-right:0px;--awb-border-radius-bottom-left:0px;--awb-padding-top:20%;--awb-padding-bottom:2%;--awb-padding-top-medium:45%;--awb-padding-top-small:45%;--awb-background-color:#f3f4ef;--awb-background-image:linear-gradient(180deg, rgba(0,0,0,0.3) 0%,rgba(255,255,255,0) 40%),url(https:\/\/rosentalerhof.at\/wp-content\/uploads\/2021\/11\/ANDREA2.jpg);;--awb-background-size:cover;--awb-flex-wrap:wrap;\" ><div class=\"fusion-builder-row fusion-row fusion-flex-align-items-flex-start fusion-flex-content-wrap\" style=\"max-width:1716px;margin-left: calc(-4% \/ 2 );margin-right: calc(-4% \/ 2 );\"><div class=\"fusion-layout-column fusion_builder_column fusion-builder-column-0 fusion_builder_column_1_1 1_1 fusion-flex-column\" style=\"--awb-bg-size:cover;--awb-width-large:100%;--awb-margin-top-large:0px;--awb-spacing-right-large:1.92%;--awb-margin-bottom-large:20px;--awb-spacing-left-large:1.92%;--awb-width-medium:100%;--awb-order-medium:0;--awb-spacing-right-medium:1.92%;--awb-spacing-left-medium:1.92%;--awb-width-small:100%;--awb-order-small:0;--awb-spacing-right-small:1.92%;--awb-spacing-left-small:1.92%;\"><div class=\"fusion-column-wrapper fusion-column-has-shadow fusion-flex-justify-content-flex-start fusion-content-layout-column\"><div class=\"fusion-title title fusion-title-1 fusion-sep-none fusion-title-center fusion-title-text fusion-title-size-one\" style=\"--awb-text-color:#ffffff;--awb-margin-bottom:50px;--awb-font-size:4em;\"><h1 class=\"fusion-title-heading title-heading-center\" style=\"font-family:&quot;aller-regular&quot;;font-style:normal;font-weight:400;margin:0;font-size:1em;line-height:1em;\">Dine v\u00e6rter i Saalbach Hinterglemm: Andrea og Martin<\/h1><\/div><\/div><\/div><div class=\"fusion-layout-column fusion_builder_column fusion-builder-column-1 fusion_builder_column_1_1 1_1 fusion-flex-column\" style=\"--awb-bg-size:cover;--awb-width-large:100%;--awb-margin-top-large:0px;--awb-spacing-right-large:1.92%;--awb-margin-bottom-large:20px;--awb-spacing-left-large:1.92%;--awb-width-medium:100%;--awb-order-medium:0;--awb-spacing-right-medium:1.92%;--awb-spacing-left-medium:1.92%;--awb-width-small:100%;--awb-order-small:0;--awb-spacing-right-small:1.92%;--awb-spacing-left-small:1.92%;\"><div class=\"fusion-column-wrapper fusion-column-has-shadow fusion-flex-justify-content-flex-start fusion-content-layout-column\"><div class=\"fusion-separator fusion-no-small-visibility fusion-no-medium-visibility fusion-full-width-sep\" style=\"align-self: center;margin-left: auto;margin-right: auto;margin-bottom:550px;width:100%;\"><\/div><\/div><\/div><\/div><\/div><div class=\"fusion-fullwidth fullwidth-box fusion-builder-row-2 fusion-flex-container nonhundred-percent-fullwidth non-hundred-percent-height-scrolling essen-top\" style=\"--awb-border-radius-top-left:0px;--awb-border-radius-top-right:0px;--awb-border-radius-bottom-right:0px;--awb-border-radius-bottom-left:0px;--awb-padding-top:4%;--awb-padding-bottom:4%;--awb-padding-right-medium:5%;--awb-padding-left-medium:5%;--awb-background-color:#f3f4ef;--awb-flex-wrap:wrap;\" ><div class=\"fusion-builder-row fusion-row fusion-flex-align-items-flex-start fusion-flex-content-wrap\" style=\"max-width:1716px;margin-left: calc(-4% \/ 2 );margin-right: calc(-4% \/ 2 );\"><div class=\"fusion-layout-column fusion_builder_column fusion-builder-column-2 fusion_builder_column_1_2 1_2 fusion-flex-column\" style=\"--awb-bg-size:cover;--awb-width-large:50%;--awb-margin-top-large:0px;--awb-spacing-right-large:3.84%;--awb-margin-bottom-large:0px;--awb-spacing-left-large:3.84%;--awb-width-medium:100%;--awb-order-medium:0;--awb-spacing-right-medium:1.92%;--awb-spacing-left-medium:1.92%;--awb-width-small:100%;--awb-order-small:0;--awb-spacing-right-small:1.92%;--awb-spacing-left-small:1.92%;\"><div class=\"fusion-column-wrapper fusion-column-has-shadow fusion-flex-justify-content-flex-start fusion-content-layout-column\"><div class=\"fusion-title title fusion-title-2 fusion-sep-none fusion-title-center fusion-title-text fusion-title-size-two\" style=\"--awb-margin-top:0px;--awb-margin-bottom:0px;\"><h2 class=\"fusion-title-heading title-heading-center\" style=\"margin:0;letter-spacing:1px;\">En afslappet, uformel atmosf\u00e6re venter p\u00e5 dig her!<\/h2><\/div><div class=\"fusion-separator fusion-no-large-visibility fusion-full-width-sep\" style=\"align-self: center;margin-left: auto;margin-right: auto;margin-bottom:20px;width:100%;\"><\/div><\/div><\/div><div class=\"fusion-layout-column fusion_builder_column fusion-builder-column-3 fusion_builder_column_1_2 1_2 fusion-flex-column\" style=\"--awb-padding-top:30px;--awb-bg-size:cover;--awb-width-large:50%;--awb-margin-top-large:0px;--awb-spacing-right-large:3.84%;--awb-margin-bottom-large:0px;--awb-spacing-left-large:3.84%;--awb-width-medium:100%;--awb-order-medium:0;--awb-spacing-right-medium:1.92%;--awb-spacing-left-medium:1.92%;--awb-width-small:100%;--awb-order-small:0;--awb-spacing-right-small:1.92%;--awb-spacing-left-small:1.92%;\"><div class=\"fusion-column-wrapper fusion-column-has-shadow fusion-flex-justify-content-flex-start fusion-content-layout-column\"><div class=\"fusion-text fusion-text-1\" style=\"--awb-text-transform:none;\"><p>Stemningen p\u00e5 hotellet er hyggelig og uformel. Slap af i moderne alpestil med gamle tr\u00e6elementer, komfortable senge, en smuk udsigt og de bedste g\u00e6ster i verden!<\/p>\n<p>Vi tror p\u00e5 bjergenes kraft: at \u00f8ge velv\u00e6re, sundhed og selvrefleksion. Spielwiese Berge er meget mere end ren forn\u00f8jelse, b\u00e5de om vinteren og om sommeren. Med Berg.Kraft-brochuren vil vi gerne bringe dig t\u00e6ttere p\u00e5 bjergene.<\/p>\n<p>Vores <a href=\"https:\/\/rosentalerhof.at\/da\/spa\/\">Berg.Spa<\/a> byder p\u00e5 en finsk sauna, et sanarium, en opvarmet udend\u00f8rs pool, tre afslapningsrum og et minigym med kinesisudstyr af h\u00f8j kvalitet. En afbalanceret sameksistens mellem for\u00e6ldre og b\u00f8rn er vigtig for os, og derfor er der omr\u00e5der kun for voksne og separate b\u00f8rneomr\u00e5der, s\u00e5 alle kan finde det rigtige sted.<br \/>\nP\u00e5 <a href=\"https:\/\/rosentalerhof.at\/da\/mad-og-drikke\/\">solterrassen<\/a> kan du nyde den uforstyrrede udsigt over bjergene, mens du holder et afslappet \u00f8je med dine b\u00f8rn p\u00e5 Montelino&#8217;s Erlebnisalm, og en forfriskende drink i h\u00e5nden g\u00f8r pausen perfekt. <\/p>\n<p>Hjertet i vores morgenmad er cornflakes-hj\u00f8rnet og det skiftende udvalg af br\u00f8d. Til frugtjuice kan vi godt lide at bruge lokale produkter.<\/p>\n<p>Vi ligger i <a href=\"https:\/\/rosentalerhof.at\/da\/placering\/\">centrum af Hinterglemm<\/a> og lidt v\u00e6k fra den travle hverdag. Alt er inden for g\u00e5afstand, og alligevel kan du nyde freden og roen.<\/p>\n<p>Alle bjerge er forskellige, og Leit san er forskellige. Vi finder den perfekte bjergoplevelse til dig. Hvis du vil have inspiration allerede nu, skal du bare klikke dig igennem <a href=\"https:\/\/rosentalerhof.at\/da\/tips\/\">vores tips<\/a>.<\/p>\n<p>Vi er glade for at v\u00e6re dine v\u00e6rter med hjerte og sj\u00e6l! Det er vigtigt for os at tilbyde det helt rigtige til dig p\u00e5 et h\u00f8jt niveau.<\/p>\n<p>Andrea &amp; Martin<\/p>\n<\/div><div class=\"fusion-separator fusion-no-large-visibility fusion-full-width-sep\" style=\"align-self: center;margin-left: auto;margin-right: auto;margin-bottom:20px;width:100%;\"><\/div><\/div><\/div><\/div><\/div><div class=\"fusion-fullwidth fullwidth-box fusion-builder-row-3 fusion-flex-container nonhundred-percent-fullwidth non-hundred-percent-height-scrolling cta fusion-custom-z-index\" style=\"--awb-border-radius-top-left:0px;--awb-border-radius-top-right:0px;--awb-border-radius-bottom-right:0px;--awb-border-radius-bottom-left:0px;--awb-z-index:99;--awb-padding-top:4%;--awb-padding-bottom:4%;--awb-background-color:#d4767b;--awb-flex-wrap:wrap;\" ><div class=\"fusion-builder-row fusion-row fusion-flex-align-items-flex-start fusion-flex-content-wrap\" style=\"max-width:1716px;margin-left: calc(-4% \/ 2 );margin-right: calc(-4% \/ 2 );\"><div class=\"fusion-layout-column fusion_builder_column fusion-builder-column-4 fusion-flex-column\" style=\"--awb-bg-size:cover;--awb-width-large:37%;--awb-margin-top-large:0px;--awb-spacing-right-large:5.1891891891892%;--awb-margin-bottom-large:0px;--awb-spacing-left-large:5.1891891891892%;--awb-width-medium:33.333333333333%;--awb-order-medium:0;--awb-spacing-right-medium:5.76%;--awb-spacing-left-medium:5.76%;--awb-width-small:100%;--awb-order-small:0;--awb-spacing-right-small:1.92%;--awb-spacing-left-small:1.92%;\"><div class=\"fusion-column-wrapper fusion-column-has-shadow fusion-flex-justify-content-flex-start fusion-content-layout-column\"><div class=\"fusion-title title fusion-title-3 fusion-sep-none fusion-title-center fusion-title-text fusion-title-size-four\" style=\"--awb-text-color:#ffffff;--awb-margin-top:0px;--awb-font-size:49px;\"><h4 class=\"fusion-title-heading title-heading-center\" style=\"margin:0;font-size:1em;line-height:50px;\">Har du nogen sp\u00f8rgsm\u00e5l?<\/h4><\/div><\/div><\/div><div class=\"fusion-layout-column fusion_builder_column fusion-builder-column-5 fusion-flex-column\" style=\"--awb-bg-size:cover;--awb-width-large:33%;--awb-margin-top-large:0px;--awb-spacing-right-large:5.8181818181818%;--awb-margin-bottom-large:0px;--awb-spacing-left-large:5.8181818181818%;--awb-width-medium:33.333333333333%;--awb-order-medium:0;--awb-spacing-right-medium:5.76%;--awb-spacing-left-medium:5.76%;--awb-width-small:100%;--awb-order-small:0;--awb-spacing-right-small:1.92%;--awb-spacing-left-small:1.92%;\"><div class=\"fusion-column-wrapper fusion-column-has-shadow fusion-flex-justify-content-flex-start fusion-content-layout-column\"><div class=\"fusion-text fusion-text-2 md-text-align-center sm-text-align-center fusion-text-no-margin\" style=\"--awb-text-color:#ffffff;--awb-margin-top:0px;--awb-margin-bottom:0px;--awb-text-font-family:&quot;Wotfard-Light&quot;;--awb-text-font-style:normal;--awb-text-font-weight:400;\"><p>Vi sammens\u00e6tter gerne et individuelt tilbud til dig eller hj\u00e6lper dig med din ferieplanl\u00e6gning.<\/p>\n<\/div><\/div><\/div><div class=\"fusion-layout-column fusion_builder_column fusion-builder-column-6 fusion-flex-column\" style=\"--awb-bg-size:cover;--awb-width-large:30%;--awb-margin-top-large:0px;--awb-spacing-right-large:6.4%;--awb-margin-bottom-large:0px;--awb-spacing-left-large:6.4%;--awb-width-medium:33.333333333333%;--awb-order-medium:0;--awb-spacing-right-medium:5.76%;--awb-spacing-left-medium:5.76%;--awb-width-small:100%;--awb-order-small:0;--awb-spacing-right-small:1.92%;--awb-spacing-left-small:1.92%;\"><div class=\"fusion-column-wrapper fusion-column-has-shadow fusion-flex-justify-content-flex-end fusion-content-layout-column\"><div class=\"fusion-separator fusion-no-small-visibility fusion-no-medium-visibility fusion-full-width-sep\" style=\"align-self: center;margin-left: auto;margin-right: auto;margin-bottom:200px;width:100%;\"><\/div><div class=\"md-text-align-center sm-text-align-center\" style=\"text-align:right;\"><a class=\"fusion-button button-flat fusion-button-default-size button-custom fusion-button-default button-1 fusion-button-default-span fusion-button-default-type\" style=\"--button_accent_color:#ffffff;--button_border_color:#ffffff;--button_accent_hover_color:#000000;--button_border_hover_color:#ffffff;--button_border_width-top:2px;--button_border_width-right:2px;--button_border_width-bottom:2px;--button_border_width-left:2px;--button_gradient_top_color:rgba(101,188,123,0);--button_gradient_bottom_color:rgba(101,188,123,0);--button_gradient_top_color_hover:#ffffff;--button_gradient_bottom_color_hover:#ffffff;\" target=\"_self\" href=\"https:\/\/rosentalerhof.at\/da\/forespoergsel\/\"><span class=\"fusion-button-text awb-button__text awb-button__text--default\">KONTAKT<\/span><\/a><\/div><\/div><\/div><\/div><\/div>\n<\/p>\n","protected":false},"excerpt":{"rendered":"","protected":false},"author":1,"featured_media":0,"parent":0,"menu_order":0,"comment_status":"closed","ping_status":"closed","template":"100-width.php","meta":{"footnotes":""},"class_list":["post-20648","page","type-page","status-publish","hentry"],"_links":{"self":[{"href":"https:\/\/rosentalerhof.at\/da\/wp-json\/wp\/v2\/pages\/20648","targetHints":{"allow":["GET"]}}],"collection":[{"href":"https:\/\/rosentalerhof.at\/da\/wp-json\/wp\/v2\/pages"}],"about":[{"href":"https:\/\/rosentalerhof.at\/da\/wp-json\/wp\/v2\/types\/page"}],"author":[{"embeddable":true,"href":"https:\/\/rosentalerhof.at\/da\/wp-json\/wp\/v2\/users\/1"}],"replies":[{"embeddable":true,"href":"https:\/\/rosentalerhof.at\/da\/wp-json\/wp\/v2\/comments?post=20648"}],"version-history":[{"count":5,"href":"https:\/\/rosentalerhof.at\/da\/wp-json\/wp\/v2\/pages\/20648\/revisions"}],"predecessor-version":[{"id":23499,"href":"https:\/\/rosentalerhof.at\/da\/wp-json\/wp\/v2\/pages\/20648\/revisions\/23499"}],"wp:attachment":[{"href":"https:\/\/rosentalerhof.at\/da\/wp-json\/wp\/v2\/media?parent=20648"}],"curies":[{"name":"wp","href":"https:\/\/api.w.org\/{rel}","templated":true}]}}