{"id":20660,"date":"2023-10-02T09:14:42","date_gmt":"2023-10-02T07:14:42","guid":{"rendered":"https:\/\/rosentalerhof.at\/skikursus-og-udlejning\/"},"modified":"2025-12-09T13:03:59","modified_gmt":"2025-12-09T12:03:59","slug":"skikursus-og-udlejning","status":"publish","type":"page","link":"https:\/\/rosentalerhof.at\/da\/skikursus-og-udlejning\/","title":{"rendered":"Skikursus og udlejning"},"content":{"rendered":"<p><div class=\"fusion-fullwidth fullwidth-box fusion-builder-row-1 fusion-flex-container fusion-parallax-none nonhundred-percent-fullwidth non-hundred-percent-height-scrolling essen-top top-dark-bg\" style=\"--awb-background-position:center top;--awb-border-radius-top-left:0px;--awb-border-radius-top-right:0px;--awb-border-radius-bottom-right:0px;--awb-border-radius-bottom-left:0px;--awb-padding-top:10%;--awb-padding-bottom:2%;--awb-padding-top-medium:25%;--awb-padding-top-small:35%;--awb-padding-bottom-small:0%;--awb-background-color:rgba(0,0,0,0.15);--awb-background-image:linear-gradient(180deg, rgba(0,0,0,0.3) 0%,rgba(255,255,255,0) 40%),url(https:\/\/rosentalerhof.at\/wp-content\/uploads\/2021\/11\/Skikurs-Saalbach-Hinterglemm.jpg);;--awb-background-size:cover;--awb-flex-wrap:wrap;\" ><div class=\"fusion-builder-row fusion-row fusion-flex-align-items-flex-start fusion-flex-content-wrap\" style=\"max-width:1716px;margin-left: calc(-4% \/ 2 );margin-right: calc(-4% \/ 2 );\"><div class=\"fusion-layout-column fusion_builder_column fusion-builder-column-0 fusion_builder_column_1_1 1_1 fusion-flex-column\" style=\"--awb-bg-size:cover;--awb-width-large:100%;--awb-margin-top-large:0px;--awb-spacing-right-large:1.92%;--awb-margin-bottom-large:20px;--awb-spacing-left-large:1.92%;--awb-width-medium:100%;--awb-order-medium:0;--awb-spacing-right-medium:1.92%;--awb-spacing-left-medium:1.92%;--awb-width-small:100%;--awb-order-small:0;--awb-spacing-right-small:1.92%;--awb-spacing-left-small:1.92%;\"><div class=\"fusion-column-wrapper fusion-column-has-shadow fusion-flex-justify-content-flex-start fusion-content-layout-column\"><div class=\"fusion-separator fusion-no-small-visibility fusion-no-medium-visibility fusion-full-width-sep\" style=\"align-self: center;margin-left: auto;margin-right: auto;margin-bottom:450px;width:100%;\"><\/div><div class=\"fusion-title title fusion-title-1 fusion-sep-none fusion-title-center fusion-title-text fusion-title-size-one\" style=\"--awb-text-color:#ffffff;--awb-margin-bottom:50px;--awb-font-size:4em;\"><h1 class=\"fusion-title-heading title-heading-center\" style=\"font-family:&quot;aller-regular&quot;;font-style:normal;font-weight:400;margin:0;font-size:1em;line-height:1em;\">Skikurser og skiudlejning i Saalbach Hinterglemm<\/h1><\/div><div class=\"fusion-separator fusion-full-width-sep\" style=\"align-self: center;margin-left: auto;margin-right: auto;margin-bottom:70px;width:100%;\"><\/div><\/div><\/div><\/div><\/div><div class=\"fusion-fullwidth fullwidth-box fusion-builder-row-2 fusion-flex-container hundred-percent-fullwidth non-hundred-percent-height-scrolling lage-second\" style=\"--awb-border-radius-top-left:0px;--awb-border-radius-top-right:0px;--awb-border-radius-bottom-right:0px;--awb-border-radius-bottom-left:0px;--awb-padding-right:0px;--awb-padding-left:0px;--awb-flex-wrap:wrap;\" ><div class=\"fusion-builder-row fusion-row fusion-flex-align-items-stretch fusion-flex-content-wrap\" style=\"width:calc( 100% + 0px ) !important;max-width:calc( 100% + 0px ) !important;margin-left: calc(-0px \/ 2 );margin-right: calc(-0px \/ 2 );\"><div class=\"fusion-layout-column fusion_builder_column fusion-builder-column-1 fusion_builder_column_1_2 1_2 fusion-flex-column\" style=\"--awb-padding-top:85%;--awb-padding-right:5%;--awb-padding-bottom:5%;--awb-padding-left:5%;--awb-padding-top-small:10%;--awb-bg-image:url(&#039;https:\/\/rosentalerhof.at\/wp-content\/uploads\/2021\/12\/Familienskifahren-im-Skicircus-Saalbach-Hinterglemm-1.jpg&#039;);--awb-bg-position:center top;--awb-bg-size:cover;--awb-width-large:50%;--awb-margin-top-large:0px;--awb-spacing-right-large:0px;--awb-margin-bottom-large:0px;--awb-spacing-left-large:0px;--awb-width-medium:100%;--awb-order-medium:0;--awb-spacing-right-medium:0px;--awb-spacing-left-medium:0px;--awb-width-small:100%;--awb-order-small:0;--awb-spacing-right-small:0px;--awb-spacing-left-small:0px;\"><div class=\"fusion-column-wrapper fusion-column-has-shadow fusion-flex-justify-content-flex-start fusion-content-layout-column fusion-empty-column-bg-image fusion-column-has-bg-image\" data-bg-url=\"https:\/\/rosentalerhof.at\/wp-content\/uploads\/2021\/12\/Familienskifahren-im-Skicircus-Saalbach-Hinterglemm-1.jpg\"><img decoding=\"async\" class=\"fusion-empty-dims-img-placeholder fusion-no-large-visibility\" alt=\"Familieskil\u00f8b i Skicircus Saalbach Hinterglemm\" aria-label=\"Familieskil\u00f8b i Skicircus Saalbach Hinterglemm\" src=\"data:image\/svg+xml,%3Csvg%20xmlns%3D%27http%3A%2F%2Fwww.w3.org%2F2000%2Fsvg%27%20width%3D%271000%27%20height%3D%271000%27%20viewBox%3D%270%200%201000%201000%27%3E%3Crect%20width%3D%271000%27%20height%3D%271000%27%20fill-opacity%3D%220%22%2F%3E%3C%2Fsvg%3E\"><\/div><\/div><div class=\"fusion-layout-column fusion_builder_column fusion-builder-column-2 fusion_builder_column_1_2 1_2 fusion-flex-column\" style=\"--awb-padding-top:20%;--awb-padding-right:12%;--awb-padding-bottom:20%;--awb-padding-left:12%;--awb-padding-top-small:10%;--awb-padding-right-small:30px;--awb-padding-bottom-small:10%;--awb-padding-left-small:30px;--awb-bg-color:#eef1dd;--awb-bg-color-hover:#eef1dd;--awb-bg-size:cover;--awb-width-large:50%;--awb-margin-top-large:0px;--awb-spacing-right-large:0px;--awb-margin-bottom-large:0px;--awb-spacing-left-large:0px;--awb-width-medium:100%;--awb-order-medium:0;--awb-spacing-right-medium:0px;--awb-spacing-left-medium:0px;--awb-width-small:100%;--awb-order-small:0;--awb-spacing-right-small:0px;--awb-spacing-left-small:0px;\"><div class=\"fusion-column-wrapper fusion-column-has-shadow fusion-flex-justify-content-flex-start fusion-content-layout-column\"><div class=\"fusion-title title fusion-title-2 fusion-sep-none fusion-title-text fusion-title-size-two \" style=\"--awb-margin-top:0px;\"><h2 class=\"fusion-title-heading title-heading-left\" style=\"margin:0;\">Perfekt udstyret til eventyrlige skidage<\/h2><\/div><div class=\"fusion-text fusion-text-1 fusion-text-no-margin\" style=\"--awb-text-transform:none;--awb-margin-bottom:0px;\"><p>For booking af skikursus (privat eller gruppe) anbefaler vi <strong>Heli&#8217;s skiskole <\/strong>i Hinterglemm<strong>.<\/strong> \u00d8velsesomr\u00e5det er let at n\u00e5 med en kort nedk\u00f8rsel via Bergfried-liften og Oberschwarzach-liften. Et langsomt tog k\u00f8rer &#8220;endnu-ikke-skil\u00f8bere&#8221; direkte til samlingsstedet. S\u00e6rtoget stopper direkte ved hotellet.<br \/>\nVi anbefaler, at du booker online i god tid f\u00f8r din ankomst! Som vores hotelg\u00e6st f\u00e5r du <strong>5% rabat p\u00e5 kursustilbuddet og 10% rabat p\u00e5 skileje.<\/strong> Du modtager en <strong>rabatkode <\/strong>med din bookingbekr\u00e6ftelse<strong>.<\/strong> <\/p>\n<p>Vores partner for <strong>skiudlejning<\/strong> er Sport Gumpold i Hinterglemm<a href=\"https:\/\/rosentalerhof.at\/da\/placering\/\">(400 meter fra hotellet).<\/a> Som vores hotelg\u00e6st f\u00e5r du <strong>15% rabat<\/strong> p\u00e5 leje. Du modtager <strong>rabatkoden <\/strong>sammen med din bookingbekr\u00e6ftelse. <\/p>\n<p>Har du brug for en skiservice for at komme rigtigt i gang n\u00e6ste morgen? Det tager vi os af for dig! Aflever dine ski i receptionen, og du vil modtage dine nyvoksede og slebne ski f\u00f8r morgenmaden.<\/p>\n<p>Skikurser og skiudlejning i Saalbach Hinterglemm sikrer din skiferie.<\/p>\n<\/div><\/div><\/div><\/div><\/div><div class=\"fusion-fullwidth fullwidth-box fusion-builder-row-3 fusion-flex-container nonhundred-percent-fullwidth non-hundred-percent-height-scrolling cta fusion-custom-z-index\" style=\"--awb-border-radius-top-left:0px;--awb-border-radius-top-right:0px;--awb-border-radius-bottom-right:0px;--awb-border-radius-bottom-left:0px;--awb-z-index:99;--awb-padding-top:4%;--awb-padding-bottom:4%;--awb-background-color:#d4767b;--awb-flex-wrap:wrap;\" ><div class=\"fusion-builder-row fusion-row fusion-flex-align-items-flex-start fusion-flex-content-wrap\" style=\"max-width:1716px;margin-left: calc(-4% \/ 2 );margin-right: calc(-4% \/ 2 );\"><div class=\"fusion-layout-column fusion_builder_column fusion-builder-column-3 fusion-flex-column\" style=\"--awb-bg-size:cover;--awb-width-large:37%;--awb-margin-top-large:0px;--awb-spacing-right-large:5.1891891891892%;--awb-margin-bottom-large:0px;--awb-spacing-left-large:5.1891891891892%;--awb-width-medium:33.333333333333%;--awb-order-medium:0;--awb-spacing-right-medium:5.76%;--awb-spacing-left-medium:5.76%;--awb-width-small:100%;--awb-order-small:0;--awb-spacing-right-small:1.92%;--awb-spacing-left-small:1.92%;\"><div class=\"fusion-column-wrapper fusion-column-has-shadow fusion-flex-justify-content-flex-start fusion-content-layout-column\"><div class=\"fusion-title title fusion-title-3 fusion-sep-none fusion-title-center fusion-title-text fusion-title-size-four\" style=\"--awb-text-color:#ffffff;--awb-margin-top:0px;--awb-font-size:49px;\"><h4 class=\"fusion-title-heading title-heading-center\" style=\"margin:0;font-size:1em;line-height:50px;\">Har du nogen sp\u00f8rgsm\u00e5l?<\/h4><\/div><\/div><\/div><div class=\"fusion-layout-column fusion_builder_column fusion-builder-column-4 fusion-flex-column\" style=\"--awb-bg-size:cover;--awb-width-large:33%;--awb-margin-top-large:0px;--awb-spacing-right-large:5.8181818181818%;--awb-margin-bottom-large:0px;--awb-spacing-left-large:5.8181818181818%;--awb-width-medium:33.333333333333%;--awb-order-medium:0;--awb-spacing-right-medium:5.76%;--awb-spacing-left-medium:5.76%;--awb-width-small:100%;--awb-order-small:0;--awb-spacing-right-small:1.92%;--awb-spacing-left-small:1.92%;\"><div class=\"fusion-column-wrapper fusion-column-has-shadow fusion-flex-justify-content-flex-start fusion-content-layout-column\"><div class=\"fusion-text fusion-text-2 md-text-align-center sm-text-align-center fusion-text-no-margin\" style=\"--awb-text-color:#ffffff;--awb-margin-top:0px;--awb-margin-bottom:0px;--awb-text-font-family:&quot;Wotfard-Light&quot;;--awb-text-font-style:normal;--awb-text-font-weight:400;\"><p>Vi sammens\u00e6tter gerne et individuelt tilbud til dig eller hj\u00e6lper dig med din ferieplanl\u00e6gning.<\/p>\n<\/div><\/div><\/div><div class=\"fusion-layout-column fusion_builder_column fusion-builder-column-5 fusion-flex-column\" style=\"--awb-bg-size:cover;--awb-width-large:30%;--awb-margin-top-large:0px;--awb-spacing-right-large:6.4%;--awb-margin-bottom-large:0px;--awb-spacing-left-large:6.4%;--awb-width-medium:33.333333333333%;--awb-order-medium:0;--awb-spacing-right-medium:5.76%;--awb-spacing-left-medium:5.76%;--awb-width-small:100%;--awb-order-small:0;--awb-spacing-right-small:1.92%;--awb-spacing-left-small:1.92%;\"><div class=\"fusion-column-wrapper fusion-column-has-shadow fusion-flex-justify-content-flex-end fusion-content-layout-column\"><div class=\"fusion-separator fusion-no-small-visibility fusion-no-medium-visibility fusion-full-width-sep\" style=\"align-self: center;margin-left: auto;margin-right: auto;margin-bottom:200px;width:100%;\"><\/div><div class=\"md-text-align-center sm-text-align-center\" style=\"text-align:right;\"><a class=\"fusion-button button-flat fusion-button-default-size button-custom fusion-button-default button-1 fusion-button-default-span fusion-button-default-type\" style=\"--button_accent_color:#ffffff;--button_border_color:#ffffff;--button_accent_hover_color:#000000;--button_border_hover_color:#ffffff;--button_border_width-top:2px;--button_border_width-right:2px;--button_border_width-bottom:2px;--button_border_width-left:2px;--button_gradient_top_color:rgba(101,188,123,0);--button_gradient_bottom_color:rgba(101,188,123,0);--button_gradient_top_color_hover:#ffffff;--button_gradient_bottom_color_hover:#ffffff;\" target=\"_self\" href=\"https:\/\/rosentalerhof.at\/da\/forespoergsel\/\"><span class=\"fusion-button-text awb-button__text awb-button__text--default\">KONTAKT<\/span><\/a><\/div><\/div><\/div><\/div><\/div>\n<\/p>\n","protected":false},"excerpt":{"rendered":"","protected":false},"author":1,"featured_media":0,"parent":0,"menu_order":0,"comment_status":"closed","ping_status":"closed","template":"100-width.php","meta":{"footnotes":""},"class_list":["post-20660","page","type-page","status-publish","hentry"],"_links":{"self":[{"href":"https:\/\/rosentalerhof.at\/da\/wp-json\/wp\/v2\/pages\/20660","targetHints":{"allow":["GET"]}}],"collection":[{"href":"https:\/\/rosentalerhof.at\/da\/wp-json\/wp\/v2\/pages"}],"about":[{"href":"https:\/\/rosentalerhof.at\/da\/wp-json\/wp\/v2\/types\/page"}],"author":[{"embeddable":true,"href":"https:\/\/rosentalerhof.at\/da\/wp-json\/wp\/v2\/users\/1"}],"replies":[{"embeddable":true,"href":"https:\/\/rosentalerhof.at\/da\/wp-json\/wp\/v2\/comments?post=20660"}],"version-history":[{"count":10,"href":"https:\/\/rosentalerhof.at\/da\/wp-json\/wp\/v2\/pages\/20660\/revisions"}],"predecessor-version":[{"id":24166,"href":"https:\/\/rosentalerhof.at\/da\/wp-json\/wp\/v2\/pages\/20660\/revisions\/24166"}],"wp:attachment":[{"href":"https:\/\/rosentalerhof.at\/da\/wp-json\/wp\/v2\/media?parent=20660"}],"curies":[{"name":"wp","href":"https:\/\/api.w.org\/{rel}","templated":true}]}}