{"id":20662,"date":"2023-10-02T09:14:44","date_gmt":"2023-10-02T07:14:44","guid":{"rendered":"https:\/\/rosentalerhof.at\/aftryk\/"},"modified":"2023-10-02T09:14:44","modified_gmt":"2023-10-02T07:14:44","slug":"aftryk","status":"publish","type":"page","link":"https:\/\/rosentalerhof.at\/da\/aftryk\/","title":{"rendered":"Aftryk"},"content":{"rendered":"<p><div class=\"fusion-fullwidth fullwidth-box fusion-builder-row-1 fusion-flex-container fusion-parallax-none nonhundred-percent-fullwidth non-hundred-percent-height-scrolling essen-top top-dark-bg\" style=\"--awb-background-position:center top;--awb-border-radius-top-left:0px;--awb-border-radius-top-right:0px;--awb-border-radius-bottom-right:0px;--awb-border-radius-bottom-left:0px;--awb-padding-top:10%;--awb-padding-bottom:2%;--awb-padding-top-medium:25%;--awb-padding-top-small:35%;--awb-padding-bottom-small:0%;--awb-background-color:#f3f4ef;--awb-background-image:linear-gradient(180deg, rgba(0,0,0,0.3) 0%,rgba(255,255,255,0) 40%),url(https:\/\/rosentalerhof.at\/wp-content\/uploads\/2021\/09\/Pool-Winter-Saalbach.jpg);;--awb-background-size:cover;--awb-flex-wrap:wrap;\" ><div class=\"fusion-builder-row fusion-row fusion-flex-align-items-flex-start fusion-flex-content-wrap\" style=\"max-width:1716px;margin-left: calc(-4% \/ 2 );margin-right: calc(-4% \/ 2 );\"><div class=\"fusion-layout-column fusion_builder_column fusion-builder-column-0 fusion_builder_column_1_1 1_1 fusion-flex-column\" style=\"--awb-bg-size:cover;--awb-width-large:100%;--awb-margin-top-large:0px;--awb-spacing-right-large:1.92%;--awb-margin-bottom-large:20px;--awb-spacing-left-large:1.92%;--awb-width-medium:100%;--awb-order-medium:0;--awb-spacing-right-medium:1.92%;--awb-spacing-left-medium:1.92%;--awb-width-small:100%;--awb-order-small:0;--awb-spacing-right-small:1.92%;--awb-spacing-left-small:1.92%;\"><div class=\"fusion-column-wrapper fusion-column-has-shadow fusion-flex-justify-content-flex-start fusion-content-layout-column\"><div class=\"fusion-separator fusion-no-small-visibility fusion-no-medium-visibility fusion-full-width-sep\" style=\"align-self: center;margin-left: auto;margin-right: auto;margin-bottom:450px;width:100%;\"><\/div><div class=\"fusion-separator fusion-full-width-sep\" style=\"align-self: center;margin-left: auto;margin-right: auto;margin-bottom:70px;width:100%;\"><\/div><div class=\"fusion-title title fusion-title-1 fusion-sep-none fusion-title-text fusion-title-size-one\" style=\"--awb-text-color:#ffffff;--awb-margin-top:0px;--awb-margin-bottom:0px;--awb-font-size:40px;\"><h1 class=\"fusion-title-heading title-heading-left\" style=\"font-family:&quot;Wotfard-Regular&quot;;font-style:normal;font-weight:400;margin:0;font-size:1em;line-height:50px;\">Aftryk<\/h1><\/div><\/div><\/div><\/div><\/div><div class=\"fusion-fullwidth fullwidth-box fusion-builder-row-2 fusion-flex-container nonhundred-percent-fullwidth non-hundred-percent-height-scrolling\" style=\"--awb-border-radius-top-left:0px;--awb-border-radius-top-right:0px;--awb-border-radius-bottom-right:0px;--awb-border-radius-bottom-left:0px;--awb-flex-wrap:wrap;\" ><div class=\"fusion-builder-row fusion-row fusion-flex-align-items-flex-start fusion-flex-content-wrap\" style=\"max-width:1716px;margin-left: calc(-4% \/ 2 );margin-right: calc(-4% \/ 2 );\"><div class=\"fusion-layout-column fusion_builder_column fusion-builder-column-1 fusion_builder_column_1_1 1_1 fusion-flex-column\" style=\"--awb-bg-size:cover;--awb-width-large:100%;--awb-margin-top-large:0px;--awb-spacing-right-large:1.92%;--awb-margin-bottom-large:10%;--awb-spacing-left-large:1.92%;--awb-width-medium:100%;--awb-order-medium:0;--awb-spacing-right-medium:1.92%;--awb-spacing-left-medium:1.92%;--awb-width-small:100%;--awb-order-small:0;--awb-spacing-right-small:1.92%;--awb-spacing-left-small:1.92%;\"><div class=\"fusion-column-wrapper fusion-column-has-shadow fusion-flex-justify-content-flex-start fusion-content-layout-column\"><div class=\"fusion-separator fusion-full-width-sep\" style=\"align-self: center;margin-left: auto;margin-right: auto;margin-top:30px;width:100%;\"><\/div><div class=\"fusion-text fusion-text-1\" style=\"--awb-content-alignment:left;--awb-text-transform:none;\"><h1 style=\"text-align: center;\">Aftryk<\/h1>\n<p><strong>Rosentalerhof Hotel &amp; Lejligheder<\/strong><br \/>\n<strong>Enn-Hotel GmbH &amp; Co KG<\/strong><br \/>\nM\u00fchlfeldweg 369<br \/>\n5754 Saalbach Hinterglemm<\/p>\n<p><strong>Tlf:<\/strong> +43 6541 7237<br \/>\n<strong>Fax:<\/strong> +43 6541 7237 57<br \/>\n<strong>E-mail:<\/strong> <a href=\"mailto:hotel@rosentalerhof.at\">hotel@rosentalerhof.at<\/a><\/p>\n<p><strong>UID-nummer:<\/strong> ATU33611801<br \/>\n<strong>Virksomhedsregistreringsnummer: <\/strong>253863d<br \/>\n<strong>Virksomhedsdomstol: <\/strong>Salzburgs regionale domstol<br \/>\n<strong>Myndighed acc. EKG:  <\/strong>Distriktsadministration Zell am See<\/p>\n<h2 style=\"text-align: center;\">Bankoplysninger<\/h2>\n<p><strong>BIC:<\/strong> RVSAAT2S052<br \/>\n<strong>IBAN:<\/strong> AT80 3505 2000 0002 3929<\/p>\n<p><strong>Bank:<\/strong> Raiffeisenbank Saalbach-Hinterglemm-Viehhofen regGenmbH &#8211; Filiale Hinterglemm, Dorfstr. 260, 5754 Hinterglemm<\/p>\n<h2 style=\"text-align: center;\">Billedkreditering<\/h2>\n<p>\u00a9 TVB Saalbach Hinterglemm<br \/>\nSaalbach<br \/>\n\u00a9 saalbach.com, Mirja Geh<br \/>\n\u00a9 saalbach.com, Daniel Roos<br \/>\n\u00a9 saalbach.com, Tom Bause<br \/>\n\u00a9 saalbach.com, Christian W\u00f6ckinger<br \/>\n\u00a9 saalbach.com, Nathan Hughes<br \/>\n\u00a9 SalzburgerLand Tourismus<br \/>\n\u00a9 Christian W\u00f6ckinger<br \/>\n\u00a9 Hansi Heckmair<br \/>\n\u00a9 Stefan Voitl<br \/>\n\u00a9 Lukas Pilz<br \/>\n\u00a9 Colin Cyruz<br \/>\n\u00a9 Bause Print<br \/>\n\u00a9 Sportalpen GmbH<br \/>\n\u00a9 Eisriesenwelt GmbH<br \/>\n\u00a9 TVB Krimml<br \/>\n\u00a9 \u00d6AV Warnsdorf\/Krimml<br \/>\n\u00a9 Hochk\u00f6nig Tourism GmbH<\/p>\n<p>Alt indhold og alle downloads, der offentligg\u00f8res p\u00e5 denne hjemmeside, er beskyttet af ophavsret. Reproduktion eller brug i andre elektroniske eller trykte publikationer er ikke tilladt uden udtrykkeligt samtykke fra forfatteren.<\/p>\n<h2 style=\"text-align: center;\">Koncept, webdesign, implementering og markedsf\u00f8ring<\/h2>\n<div>\n<\/div>\n<h3>Koncept og markedsf\u00f8ring<\/h3>\n<p><a href=\"https:\/\/www.feingestalten.at\/\" target=\"_blank\" rel=\"noopener\"><strong>fine\u00b0designs<\/strong><\/a><br \/>Dr. Barbara Guger<br \/>Kuefsteingasse 30\/1\/2<br \/>1140 Wien<br \/>\nT: <a href=\"tel:+436765103935\">+43-676-5103935<\/a><br \/>\nE-mail: <a href=\"mailto:b.guger@feingestalten.at\">b.guger@feingestalten.at<\/a><br \/>\nInternet: <a href=\"https:\/\/www.feingestalten.at\" target=\"_blank\" rel=\"noopener\">www.feingestalten.at<\/a><\/p>\n<h3>Implementering og webudvikling<\/h3>\n<p><a href=\"https:\/\/www.agentur-dreirad.at\" target=\"_blank\" rel=\"noopener\"><strong>Internetbureauet Tricycle Salzburg<\/strong><\/a><br \/>\nMoosstra\u00dfe 60<br \/>\n5020 Salzburg<br \/>\nT: <a href=\"tel:+43662259381\">+43-662-259381<\/a><br \/>\nE-mail: <a href=\"mailto:office@agentur-dreirad.com\">office@agentur-dreirad.com<\/a><br \/>\nInternet: <a href=\"https:\/\/www.agentur-dreirad.at\" target=\"_blank\" rel=\"noopener\">www.agentur-dreirad.at<\/a><\/p>\n<h2 style=\"text-align: center;\">Privatlivspolitik<\/h2>\n<h3>Gooole Analytics og Google Remarketing<\/h3>\n<p>Denne hjemmeside bruger Google Analytics og Google Remarketing. Det er tjenester, der leveres af Google Inc. (&#8220;Google&#8221;). Google bruger &#8220;cookies&#8221;, som er tekstfiler, der placeres p\u00e5 din computer, for at hj\u00e6lpe webstedet med at analysere, hvordan brugerne bruger webstedet. De oplysninger, der genereres af cookien om din brug af hjemmesiden (herunder din IP-adresse), overf\u00f8res til og gemmes af Google p\u00e5 servere i USA. IP-adressen forkortes derefter af Google med de sidste tre cifre, s\u00e5 en entydig tildeling af IP-adressen ikke l\u00e6ngere er mulig. Google overholder databeskyttelsesbestemmelserne i &#8220;US Safe Harbor&#8221;-aftalen og er registreret i &#8220;Safe Harbor&#8221;-programmet hos det amerikanske handelsministerium.<\/p>\n<p>Google vil bruge disse oplysninger med det form\u00e5l at evaluere din brug af hjemmesiden, udarbejde rapporter om hjemmesideaktivitet for hjemmesideoperat\u00f8rer og levere andre tjenester i forbindelse med hjemmesideaktivitet og internetbrug. Google kan ogs\u00e5 overf\u00f8re disse oplysninger til tredjeparter, hvis loven kr\u00e6ver det, eller hvis s\u00e5danne tredjeparter behandler oplysningerne p\u00e5 Googles vegne.<\/p>\n<p>Tredjepartsudbydere, herunder Google, placerer annoncer p\u00e5 hjemmesider p\u00e5 internettet. Tredjepartsleverand\u00f8rer, herunder Google, bruger lagrede cookies til at vise annoncer baseret p\u00e5 en brugers tidligere bes\u00f8g p\u00e5 denne hjemmeside.<\/p>\n<p>Google vil ikke forbinde din IP-adresse med andre data, som Google ligger inde med. Indsamling og lagring af data kan til enhver tid indvendes med virkning for fremtiden. Du kan deaktivere Googles brug af cookies ved at bes\u00f8ge siden til deaktivering af Google-annoncering. Alternativt kan brugerne deaktivere brugen af cookies fra tredjeparter ved at bes\u00f8ge Network Advertising Initiative disable page.<\/p>\n<p>Vi vil dog gerne p\u00e5pege, at du i dette tilf\u00e6lde muligvis ikke kan bruge alle funktionerne p\u00e5 dette websted i deres fulde omfang. Ved at bruge dette websted accepterer du, at Google behandler data om dig p\u00e5 den m\u00e5de og til de form\u00e5l, der er beskrevet ovenfor.<\/p>\n<p>Indsamling og lagring af data kan til enhver tid indvendes med virkning for fremtiden. Yderligere oplysninger om Googles vilk\u00e5r og betingelser kan findes her.<\/p>\n<h3>Facebook-plugins<\/h3>\n<p>P\u00e5 disse internetsider anvendes plugins fra det sociale netv\u00e6rk facebook.com, som drives af Facebook Inc, 1601 S. California Ave, Palo Alto, CA 94304, USA (&#8220;Facebook&#8221;).<\/p>\n<p>Hvis du \u00e5bner internetsider p\u00e5 vores websted, der er forsynet med et s\u00e5dant plugin, oprettes der en forbindelse til Facebook-serverne, og pluginet vises p\u00e5 internetsiden ved at informere din browser. Dette overf\u00f8rer til Facebook-serveren, hvilke af vores internetsider du har bes\u00f8gt. Hvis du er logget ind som Facebook-medlem, vil Facebook tildele disse oplysninger til din personlige Facebook-brugerkonto. N\u00e5r du bruger plugin-funktionerne (f.eks. ved at klikke p\u00e5 &#8220;Like&#8221;-knappen, indsende en kommentar), tildeles disse oplysninger ogs\u00e5 til din Facebook-konto, hvilket du kun kan forhindre ved at logge ud, f\u00f8r du bruger plugin&#8217;et.<\/p>\n<p>Du kan finde flere oplysninger om Facebooks indsamling og brug af data, om dine rettigheder i denne forbindelse og om m\u00e5der at beskytte dit privatliv p\u00e5 i Facebooks privatlivspolitik.<\/p>\n<h3 style=\"text-align: left;\">Copyright og links<\/h3>\n<p>Ophavsret og reproduktion eller brug af alle billeder, fotos, grafik, mediefiler og tekster i andre elektroniske eller trykte publikationer er ikke tilladt uden udtrykkelig skriftlig tilladelse. Kopiering, videresendelse eller reproduktion (herunder udskrivning p\u00e5 papir) er kun tilladt til personlig visning. Hjemmesiden er underlagt ophavsret og varem\u00e6rkelovgivning.<\/p>\n<p>I sin dom af 12. maj 1998 fastslog Hamborgs landsret, at inkludering af links ogs\u00e5 f\u00f8rer til medansvar for det materiale, der tilbydes via disse links. If\u00f8lge landsretten kan dette kun forhindres ved udtrykkeligt at tage afstand fra dette indhold. Vi har placeret links til andre sider p\u00e5 internettet p\u00e5 disse sider. For alle disse links g\u00e6lder: Vi vil gerne udtrykkeligt understrege, at vi ikke har nogen som helst indflydelse p\u00e5 udformningen og indholdet af de sider, der linkes til. Derfor distancerer vi os hermed udtrykkeligt fra alt indhold p\u00e5 alle linkede sider p\u00e5 denne hjemmeside og g\u00f8r os ikke deres indhold til gode. Denne erkl\u00e6ring g\u00e6lder for alle links p\u00e5 vores hjemmeside.<\/p>\n<h3>Oplysninger om online tvistbil\u00e6ggelse i henhold til art. 14 para. 1 ODR-REGULERING<\/h3>\n<p>EU-Kommissionen tilbyder muligheden for online tvistbil\u00e6ggelse p\u00e5 en platform, der drives af den (s\u00e5kaldt &#8220;ODR-platform&#8221;). ODR-platformen kan fungere som et kontaktpunkt for udenretslig bil\u00e6ggelse af tvister, der opst\u00e5r i forbindelse med online salgskontrakter eller servicekontrakter. Denne platform kan n\u00e5s via det eksterne link http:\/\/ec.europa.eu\/consumers\/odr.<\/p>\n<\/div><\/div><\/div><\/div><\/div><\/p>\n","protected":false},"excerpt":{"rendered":"","protected":false},"author":1,"featured_media":0,"parent":0,"menu_order":0,"comment_status":"closed","ping_status":"closed","template":"100-width.php","meta":{"footnotes":""},"class_list":["post-20662","page","type-page","status-publish","hentry"],"_links":{"self":[{"href":"https:\/\/rosentalerhof.at\/da\/wp-json\/wp\/v2\/pages\/20662","targetHints":{"allow":["GET"]}}],"collection":[{"href":"https:\/\/rosentalerhof.at\/da\/wp-json\/wp\/v2\/pages"}],"about":[{"href":"https:\/\/rosentalerhof.at\/da\/wp-json\/wp\/v2\/types\/page"}],"author":[{"embeddable":true,"href":"https:\/\/rosentalerhof.at\/da\/wp-json\/wp\/v2\/users\/1"}],"replies":[{"embeddable":true,"href":"https:\/\/rosentalerhof.at\/da\/wp-json\/wp\/v2\/comments?post=20662"}],"version-history":[{"count":0,"href":"https:\/\/rosentalerhof.at\/da\/wp-json\/wp\/v2\/pages\/20662\/revisions"}],"wp:attachment":[{"href":"https:\/\/rosentalerhof.at\/da\/wp-json\/wp\/v2\/media?parent=20662"}],"curies":[{"name":"wp","href":"https:\/\/api.w.org\/{rel}","templated":true}]}}