{"id":20669,"date":"2023-10-02T09:15:22","date_gmt":"2023-10-02T07:15:22","guid":{"rendered":"https:\/\/rosentalerhof.at\/placering\/"},"modified":"2026-03-17T15:17:28","modified_gmt":"2026-03-17T14:17:28","slug":"placering","status":"publish","type":"page","link":"https:\/\/rosentalerhof.at\/da\/placering\/","title":{"rendered":"Placering"},"content":{"rendered":"<p><div class=\"fusion-fullwidth fullwidth-box fusion-builder-row-1 fusion-flex-container nonhundred-percent-fullwidth non-hundred-percent-height-scrolling essen-top sticky-footer fusion-custom-z-index\" style=\"--awb-border-radius-top-left:0px;--awb-border-radius-top-right:0px;--awb-border-radius-bottom-right:0px;--awb-border-radius-bottom-left:0px;--awb-z-index:9;--awb-padding-top:15%;--awb-padding-bottom:2%;--awb-padding-top-medium:25%;--awb-padding-top-small:25%;--awb-background-color:#f3f4ef;--awb-flex-wrap:wrap;\" ><div class=\"fusion-builder-row fusion-row fusion-flex-align-items-flex-start fusion-flex-content-wrap\" style=\"max-width:1716px;margin-left: calc(-4% \/ 2 );margin-right: calc(-4% \/ 2 );\"><div class=\"fusion-layout-column fusion_builder_column fusion-builder-column-0 fusion_builder_column_1_1 1_1 fusion-flex-column\" style=\"--awb-bg-size:cover;--awb-width-large:100%;--awb-margin-top-large:0px;--awb-spacing-right-large:1.92%;--awb-margin-bottom-large:20px;--awb-spacing-left-large:1.92%;--awb-width-medium:100%;--awb-order-medium:0;--awb-spacing-right-medium:1.92%;--awb-spacing-left-medium:1.92%;--awb-width-small:100%;--awb-order-small:0;--awb-spacing-right-small:1.92%;--awb-spacing-left-small:1.92%;\"><div class=\"fusion-column-wrapper fusion-column-has-shadow fusion-flex-justify-content-flex-start fusion-content-layout-column\"><div class=\"fusion-title title fusion-title-1 fusion-sep-none fusion-title-center fusion-title-text fusion-title-size-one\" style=\"--awb-margin-bottom:50px;--awb-font-size:4em;\"><h1 class=\"fusion-title-heading title-heading-center\" style=\"font-family:&quot;aller-regular&quot;;font-style:normal;font-weight:400;margin:0;font-size:1em;line-height:1em;\"><p>Dit centralt beliggende hotel<br \/>\nmed uhindret udsigt i Saalbach Hinterglemm<\/p><\/h1><\/div><\/div><\/div><div class=\"fusion-layout-column fusion_builder_column fusion-builder-column-1 fusion_builder_column_1_1 1_1 fusion-flex-column\" style=\"--awb-bg-size:cover;--awb-width-large:100%;--awb-margin-top-large:0px;--awb-spacing-right-large:1.92%;--awb-margin-bottom-large:20px;--awb-spacing-left-large:1.92%;--awb-width-medium:100%;--awb-order-medium:0;--awb-spacing-right-medium:1.92%;--awb-spacing-left-medium:1.92%;--awb-width-small:100%;--awb-order-small:0;--awb-spacing-right-small:1.92%;--awb-spacing-left-small:1.92%;\"><div class=\"fusion-column-wrapper fusion-column-has-shadow fusion-flex-justify-content-flex-start fusion-content-layout-column\"><div class=\"fusion-title title fusion-title-2 fusion-sep-none fusion-title-center fusion-title-text fusion-title-size-two\" style=\"--awb-margin-top:0px;--awb-margin-bottom:0px;\"><h2 class=\"fusion-title-heading title-heading-center\" style=\"margin:0;\">Sol i ansigtet, udsigt til bjergene, korte afstande &#8211; s\u00e5dan f\u00f8les frihed.<br \/>\nDu bor kun tre minutters gang fra g\u00e5gaden og liftstationerne.<\/p>\n<p>Du kan nyde den uforstyrrede udsigt over bjergene fra altanerne p\u00e5 vores v\u00e6relser og lejligheder, i Berg.Spa og p\u00e5 vores solterrasse.<\/p><\/h2><\/div><\/div><\/div><div class=\"fusion-layout-column fusion_builder_column fusion-builder-column-2 fusion_builder_column_1_1 1_1 fusion-flex-column\" style=\"--awb-bg-size:cover;--awb-width-large:100%;--awb-margin-top-large:0px;--awb-spacing-right-large:1.92%;--awb-margin-bottom-large:20px;--awb-spacing-left-large:1.92%;--awb-width-medium:100%;--awb-order-medium:0;--awb-spacing-right-medium:1.92%;--awb-spacing-left-medium:1.92%;--awb-width-small:100%;--awb-order-small:0;--awb-spacing-right-small:1.92%;--awb-spacing-left-small:1.92%;\"><div class=\"fusion-column-wrapper fusion-column-has-shadow fusion-flex-justify-content-flex-start fusion-content-layout-column\"><div class=\"fusion-separator fusion-no-small-visibility fusion-no-medium-visibility fusion-full-width-sep\" style=\"align-self: center;margin-left: auto;margin-right: auto;margin-bottom:150px;width:100%;\"><\/div><div class=\"fusion-title title fusion-title-3 fusion-sep-none fusion-title-text fusion-title-size-three\" style=\"--awb-margin-top:0px;--awb-margin-bottom:0px;--awb-font-size:40px;\"><h3 class=\"fusion-title-heading title-heading-left\" style=\"font-family:&quot;wotfard-regular&quot;;font-style:normal;font-weight:400;margin:0;font-size:1em;line-height:50px;\">Placering<\/h3><\/div><\/div><\/div><\/div><\/div><div class=\"fusion-fullwidth fullwidth-box fusion-builder-row-2 fusion-flex-container hundred-percent-fullwidth non-hundred-percent-height-scrolling lage-second\" style=\"--awb-border-radius-top-left:0px;--awb-border-radius-top-right:0px;--awb-border-radius-bottom-right:0px;--awb-border-radius-bottom-left:0px;--awb-padding-right:0px;--awb-padding-left:0px;--awb-flex-wrap:wrap;\" ><div class=\"fusion-builder-row fusion-row fusion-flex-align-items-stretch fusion-flex-content-wrap\" style=\"width:calc( 100% + 0px ) !important;max-width:calc( 100% + 0px ) !important;margin-left: calc(-0px \/ 2 );margin-right: calc(-0px \/ 2 );\"><div class=\"fusion-layout-column fusion_builder_column fusion-builder-column-3 fusion_builder_column_1_2 1_2 fusion-flex-column\" style=\"--awb-padding-top:85%;--awb-padding-right:5%;--awb-padding-bottom:5%;--awb-padding-left:5%;--awb-padding-top-small:10%;--awb-bg-image:url(&#039;https:\/\/rosentalerhof.at\/wp-content\/uploads\/2025\/09\/Saalbach-Montelinos-Erlebnisalm-Rosentalerhof-Hotel-und-App.-1000px.jpg&#039;);--awb-bg-position:center top;--awb-bg-size:cover;--awb-width-large:50%;--awb-margin-top-large:0px;--awb-spacing-right-large:0px;--awb-margin-bottom-large:0px;--awb-spacing-left-large:0px;--awb-width-medium:100%;--awb-order-medium:0;--awb-spacing-right-medium:0px;--awb-spacing-left-medium:0px;--awb-width-small:100%;--awb-order-small:0;--awb-spacing-right-small:0px;--awb-spacing-left-small:0px;\" data-scroll-devices=\"small-visibility,medium-visibility,large-visibility\"><div class=\"fusion-column-wrapper fusion-column-has-shadow fusion-flex-justify-content-flex-start fusion-content-layout-column fusion-empty-column-bg-image fusion-column-has-bg-image\" data-bg-url=\"https:\/\/rosentalerhof.at\/wp-content\/uploads\/2025\/09\/Saalbach-Montelinos-Erlebnisalm-Rosentalerhof-Hotel-und-App.-1000px.jpg\"><img decoding=\"async\" class=\"fusion-empty-dims-img-placeholder fusion-no-large-visibility\" alt=\"Saalbach Montelinos Erlebnisalm - Rosentalerhof Hotel und Appartement\" aria-label=\"Saalbach Montelinos Erlebnisalm &#8211; Rosentalerhof Hotel und App. 1000px\" src=\"data:image\/svg+xml,%3Csvg%20xmlns%3D%27http%3A%2F%2Fwww.w3.org%2F2000%2Fsvg%27%20width%3D%271000%27%20height%3D%271000%27%20viewBox%3D%270%200%201000%201000%27%3E%3Crect%20width%3D%271000%27%20height%3D%271000%27%20fill-opacity%3D%220%22%2F%3E%3C%2Fsvg%3E\"><\/div><\/div><div class=\"fusion-layout-column fusion_builder_column fusion-builder-column-4 fusion_builder_column_1_2 1_2 fusion-flex-column\" style=\"--awb-padding-top:20%;--awb-padding-right:12%;--awb-padding-bottom:20%;--awb-padding-left:12%;--awb-padding-top-small:10%;--awb-padding-right-small:30px;--awb-padding-bottom-small:10%;--awb-padding-left-small:30px;--awb-bg-color:#eef1dd;--awb-bg-color-hover:#eef1dd;--awb-bg-size:cover;--awb-width-large:50%;--awb-margin-top-large:0px;--awb-spacing-right-large:0px;--awb-margin-bottom-large:0px;--awb-spacing-left-large:0px;--awb-width-medium:100%;--awb-order-medium:0;--awb-spacing-right-medium:0px;--awb-spacing-left-medium:0px;--awb-width-small:100%;--awb-order-small:0;--awb-spacing-right-small:0px;--awb-spacing-left-small:0px;\"><div class=\"fusion-column-wrapper fusion-column-has-shadow fusion-flex-justify-content-flex-start fusion-content-layout-column\"><div class=\"fusion-title title fusion-title-4 fusion-sep-none fusion-title-text fusion-title-size-three \" style=\"--awb-margin-top:0px;\"><h3 class=\"fusion-title-heading title-heading-left\" style=\"margin:0;\">Sommer<\/h3><\/div><div class=\"fusion-text fusion-text-1 fusion-text-no-margin\" style=\"--awb-text-transform:none;--awb-margin-bottom:0px;\"><ul>\n<li><span class=\"a_GcMg font-feature-liga-off font-feature-clig-off font-feature-calt-off text-decoration-none text-strikethrough-none\">Centralt beliggende og vidunderligt bred: solsiden og uhindret bjergudsigt i en dobbeltpakke<\/span>, kun 300 meter fra g\u00e5gaden med restauranter, barer og butikker.<\/li>\n<li>300 meter til Reiterkogelbahn (udvidelse i sommeren 2026, erstatningslift: Hochalmbahn)<\/li>\n<li>Solsiden: Nyd eftermiddagssolen p\u00e5 <a href=\"https:\/\/rosentalerhof.at\/da\/mad-og-drikke\/\">vores solterrasse<\/a> og ved <a href=\"https:\/\/rosentalerhof.at\/da\/spa\/\">poolen<\/a> med uforstyrret udsigt over bjergene.<\/li>\n<li><strong>Montelinos Adventure Alm venter lige ved siden af hotellet<\/strong> &#8211; et sandt paradis for b\u00f8rn og familier! Gl\u00e6d dig til en stor eventyrlegeplads med rutsjebaner, gynger, klatret\u00e5rne, en vandlegeplads og meget mere. <\/li>\n<li><strong>Nyt: Eventyrgolfbanen<\/strong> &#8211; en sp\u00e6ndende oplevelse for store og sm\u00e5, hvor dygtighed og sjov er i centrum.<\/li>\n<li>Nyd afslappende eftermiddage p\u00e5 vores solrige terrasse med en vidunderlig udsigt over parken &#8211; plus sommerdrinks og en god feriestemning.<\/li>\n<li>Cykeludlejning inden for g\u00e5afstand (Bike&#8217;n Soul Shop \/ Sport Gumpold)<\/li>\n<li>Vandrebusstoppested lige uden for d\u00f8ren<\/li>\n<li>P\u00e5 samme niveau som byens centrum, uden sved p\u00e5 panden og uden at skulle klatre tilbage til hotellet.<\/li>\n<\/ul>\n<\/div><div class=\"fusion-modal modal fade modal-1 lageplan_sommer\" tabindex=\"-1\" role=\"dialog\" aria-labelledby=\"modal-heading-1\" aria-hidden=\"true\" style=\"--awb-border-color:#e2e2e2;--awb-background:#ffffff;\"><div class=\"modal-dialog modal-lg\" role=\"document\"><div class=\"modal-content fusion-modal-content\"><div class=\"modal-header\"><button class=\"close\" type=\"button\" data-dismiss=\"modal\" aria-hidden=\"true\" aria-label=\"Close\">&times;<\/button><h3 class=\"modal-title\" id=\"modal-heading-1\" data-dismiss=\"modal\" aria-hidden=\"true\">Plantegning<\/h3><\/div><div class=\"modal-body fusion-clearfix\">\n<p><img decoding=\"async\" class=\"alignnone size-full wp-image-8702\" src=\"https:\/\/rosentalerhof.at\/wp-content\/uploads\/2021\/11\/Lageplan-Saalbach-Hinterglemm-Rosen.jpg\" alt=\"Situationsplan Saalbach Hinterglemm Rosentalerhof Hotel and Apartments\" width=\"1859\" height=\"1446\" srcset=\"https:\/\/rosentalerhof.at\/wp-content\/uploads\/2021\/11\/Lageplan-Saalbach-Hinterglemm-Rosen-200x156.jpg 200w, https:\/\/rosentalerhof.at\/wp-content\/uploads\/2021\/11\/Lageplan-Saalbach-Hinterglemm-Rosen-300x233.jpg 300w, https:\/\/rosentalerhof.at\/wp-content\/uploads\/2021\/11\/Lageplan-Saalbach-Hinterglemm-Rosen-400x311.jpg 400w, https:\/\/rosentalerhof.at\/wp-content\/uploads\/2021\/11\/Lageplan-Saalbach-Hinterglemm-Rosen-600x467.jpg 600w, https:\/\/rosentalerhof.at\/wp-content\/uploads\/2021\/11\/Lageplan-Saalbach-Hinterglemm-Rosen-768x597.jpg 768w, https:\/\/rosentalerhof.at\/wp-content\/uploads\/2021\/11\/Lageplan-Saalbach-Hinterglemm-Rosen-800x622.jpg 800w, https:\/\/rosentalerhof.at\/wp-content\/uploads\/2021\/11\/Lageplan-Saalbach-Hinterglemm-Rosen-1024x797.jpg 1024w, https:\/\/rosentalerhof.at\/wp-content\/uploads\/2021\/11\/Lageplan-Saalbach-Hinterglemm-Rosen-1200x933.jpg 1200w, https:\/\/rosentalerhof.at\/wp-content\/uploads\/2021\/11\/Lageplan-Saalbach-Hinterglemm-Rosen-1536x1195.jpg 1536w, https:\/\/rosentalerhof.at\/wp-content\/uploads\/2021\/11\/Lageplan-Saalbach-Hinterglemm-Rosen.jpg 1859w\" sizes=\"(max-width: 1859px) 100vw, 1859px\" \/><\/p>\n<\/div><\/div><\/div><\/div><\/div><\/div><div class=\"fusion-layout-column fusion_builder_column fusion-builder-column-5 fusion_builder_column_1_2 1_2 fusion-flex-column fusion-no-large-visibility\" style=\"--awb-padding-top:85%;--awb-padding-right:5%;--awb-padding-bottom:5%;--awb-padding-left:5%;--awb-padding-top-small:10%;--awb-bg-image:url(&#039;https:\/\/rosentalerhof.at\/wp-content\/uploads\/2022\/04\/Pool-Winter-2.jpg&#039;);--awb-bg-position:center top;--awb-bg-size:cover;--awb-width-large:50%;--awb-margin-top-large:0px;--awb-spacing-right-large:0px;--awb-margin-bottom-large:0px;--awb-spacing-left-large:0px;--awb-width-medium:100%;--awb-order-medium:0;--awb-spacing-right-medium:0px;--awb-spacing-left-medium:0px;--awb-width-small:100%;--awb-order-small:0;--awb-spacing-right-small:0px;--awb-spacing-left-small:0px;\" data-scroll-devices=\"small-visibility,medium-visibility,large-visibility\"><div class=\"fusion-column-wrapper fusion-column-has-shadow fusion-flex-justify-content-flex-start fusion-content-layout-column fusion-empty-column-bg-image fusion-column-has-bg-image\" data-bg-url=\"https:\/\/rosentalerhof.at\/wp-content\/uploads\/2022\/04\/Pool-Winter-2.jpg\"><img decoding=\"async\" class=\"fusion-empty-dims-img-placeholder fusion-no-large-visibility\" alt=\"Pool Skil\u00f8b Saalbach Hinterglemm Rosentalerhof Hotel and Apartments\" aria-label=\"Pool Skil\u00f8b Saalbach Hinterglemm Rosentalerhof Hotel and Apartments\" src=\"data:image\/svg+xml,%3Csvg%20xmlns%3D%27http%3A%2F%2Fwww.w3.org%2F2000%2Fsvg%27%20width%3D%271000%27%20height%3D%271000%27%20viewBox%3D%270%200%201000%201000%27%3E%3Crect%20width%3D%271000%27%20height%3D%271000%27%20fill-opacity%3D%220%22%2F%3E%3C%2Fsvg%3E\"><\/div><\/div><div class=\"fusion-layout-column fusion_builder_column fusion-builder-column-6 fusion_builder_column_1_2 1_2 fusion-flex-column\" style=\"--awb-padding-top:20%;--awb-padding-right:12%;--awb-padding-bottom:20%;--awb-padding-left:12%;--awb-padding-top-small:10%;--awb-padding-right-small:30px;--awb-padding-bottom-small:10%;--awb-padding-left-small:30px;--awb-bg-color:#f3f4ef;--awb-bg-color-hover:#f3f4ef;--awb-bg-size:cover;--awb-width-large:50%;--awb-margin-top-large:0px;--awb-spacing-right-large:0px;--awb-margin-bottom-large:0px;--awb-spacing-left-large:0px;--awb-width-medium:100%;--awb-order-medium:0;--awb-spacing-right-medium:0px;--awb-spacing-left-medium:0px;--awb-width-small:100%;--awb-order-small:0;--awb-spacing-right-small:0px;--awb-spacing-left-small:0px;\"><div class=\"fusion-column-wrapper fusion-column-has-shadow fusion-flex-justify-content-flex-start fusion-content-layout-column\"><div class=\"fusion-title title fusion-title-5 fusion-sep-none fusion-title-text fusion-title-size-four \" style=\"--awb-margin-top:0px;\"><h4 class=\"fusion-title-heading title-heading-left\" style=\"margin:0;\"><h3>Vinter  <span class=\"smalltext\"><a class=\"fusion-modal-text-link\" data-toggle=\"modal\" data-target=\".fusion-modal.lageplan_winter\" href=\"#\">Plantegning<\/a><\/span><\/h3><\/h4><\/div><div class=\"fusion-text fusion-text-2 fusion-text-no-margin\" style=\"--awb-text-transform:none;--awb-margin-bottom:0px;\"><ul>\n<li>Dit hotel har en central beliggenhed med uhindret udsigt i Saalbach Hinterglemm og alligevel v\u00e6k fra den natlige tr\u00e6ngsel og travlhed.<\/li>\n<li>Alt inden for g\u00e5afstand<\/li>\n<li>Du kan hurtigt komme til <a href=\"https:\/\/rosentalerhof.at\/da\/kort-over-skraaninger\/\">pisten<\/a>: 80 meter til Bergfriedlift eller 300 meter til Reiterkogelbahn (skibusstoppested lige uden for d\u00f8ren: hurtig adgang til andre sv\u00e6vebaner).<\/li>\n<li>Ferie uden bil: Hele skiomr\u00e5det kan n\u00e5s til fods p\u00e5 b\u00e5de syd- og nordsiden.<\/li>\n<li>P\u00e5 kun 300 meter er du i g\u00e5gaden med restauranter, barer og skiudlejningsbutikker.<\/li>\n<li>Selv om vinteren er det stille og solrigt hos os.<\/li>\n<li><a href=\"https:\/\/rosentalerhof.at\/da\/skikursus-og-udlejning\/\">Flere skiudlejningsbutikker<\/a> inden for 250 til 500 meter fra hotellet.<\/li>\n<li><a href=\"https:\/\/rosentalerhof.at\/da\/skikursus-og-udlejning\/\">B\u00f8rneskiskole<\/a>: Tilg\u00e6ngelig via Bergfriedlift eller for begyndere stopper skiskoletoget direkte ved Rosentalerhof<\/li>\n<li>Du kan parkere din bil (der er en parkeringsplads til r\u00e5dighed pr. v\u00e6relse\/lejlighed) bekvemt og gratis p\u00e5 hotellets parkeringsplads. Der er yderligere gratis parkeringspladser 250 meter fra hotellet. <\/li>\n<\/ul>\n<\/div><div class=\"fusion-modal modal fade modal-2 lageplan_winter\" tabindex=\"-1\" role=\"dialog\" aria-labelledby=\"modal-heading-2\" aria-hidden=\"true\" style=\"--awb-border-color:#e2e2e2;--awb-background:#ffffff;\"><div class=\"modal-dialog modal-lg\" role=\"document\"><div class=\"modal-content fusion-modal-content\"><div class=\"modal-header\"><button class=\"close\" type=\"button\" data-dismiss=\"modal\" aria-hidden=\"true\" aria-label=\"Close\">&times;<\/button><h3 class=\"modal-title\" id=\"modal-heading-2\" data-dismiss=\"modal\" aria-hidden=\"true\">Plantegning<\/h3><\/div><div class=\"modal-body fusion-clearfix\">\n<p><img decoding=\"async\" class=\"alignnone size-full wp-image-8705\" src=\"https:\/\/rosentalerhof.at\/wp-content\/uploads\/2021\/11\/Lageplan-Saalbach-Hinterglemm-WINTER.jpg\" alt=\"Situationsplan Winter Saalbach Hinterglemm Rosentalerhof Hotel and Apartments\" width=\"1024\" height=\"681\" srcset=\"https:\/\/rosentalerhof.at\/wp-content\/uploads\/2021\/11\/Lageplan-Saalbach-Hinterglemm-WINTER-200x133.jpg 200w, https:\/\/rosentalerhof.at\/wp-content\/uploads\/2021\/11\/Lageplan-Saalbach-Hinterglemm-WINTER-300x200.jpg 300w, https:\/\/rosentalerhof.at\/wp-content\/uploads\/2021\/11\/Lageplan-Saalbach-Hinterglemm-WINTER-400x266.jpg 400w, https:\/\/rosentalerhof.at\/wp-content\/uploads\/2021\/11\/Lageplan-Saalbach-Hinterglemm-WINTER-600x399.jpg 600w, https:\/\/rosentalerhof.at\/wp-content\/uploads\/2021\/11\/Lageplan-Saalbach-Hinterglemm-WINTER-768x511.jpg 768w, https:\/\/rosentalerhof.at\/wp-content\/uploads\/2021\/11\/Lageplan-Saalbach-Hinterglemm-WINTER-800x532.jpg 800w, https:\/\/rosentalerhof.at\/wp-content\/uploads\/2021\/11\/Lageplan-Saalbach-Hinterglemm-WINTER.jpg 1024w\" sizes=\"(max-width: 1024px) 100vw, 1024px\" \/><\/p>\n<\/div><\/div><\/div><\/div><\/div><\/div><div class=\"fusion-layout-column fusion_builder_column fusion-builder-column-7 fusion_builder_column_1_2 1_2 fusion-flex-column fusion-no-small-visibility fusion-no-medium-visibility\" style=\"--awb-padding-top:85%;--awb-padding-right:5%;--awb-padding-bottom:5%;--awb-padding-left:5%;--awb-padding-top-small:10%;--awb-bg-image:url(&#039;https:\/\/rosentalerhof.at\/wp-content\/uploads\/2022\/04\/Pool-Winter-2.jpg&#039;);--awb-bg-position:center top;--awb-bg-size:cover;--awb-width-large:50%;--awb-margin-top-large:0px;--awb-spacing-right-large:0px;--awb-margin-bottom-large:0px;--awb-spacing-left-large:0px;--awb-width-medium:100%;--awb-order-medium:0;--awb-spacing-right-medium:0px;--awb-spacing-left-medium:0px;--awb-width-small:100%;--awb-order-small:0;--awb-spacing-right-small:0px;--awb-spacing-left-small:0px;\" data-scroll-devices=\"small-visibility,medium-visibility,large-visibility\"><div class=\"fusion-column-wrapper fusion-column-has-shadow fusion-flex-justify-content-flex-start fusion-content-layout-column fusion-empty-column-bg-image fusion-column-has-bg-image\" data-bg-url=\"https:\/\/rosentalerhof.at\/wp-content\/uploads\/2022\/04\/Pool-Winter-2.jpg\"><img decoding=\"async\" class=\"fusion-empty-dims-img-placeholder fusion-no-large-visibility\" alt=\"Pool Skil\u00f8b Saalbach Hinterglemm Rosentalerhof Hotel and Apartments\" aria-label=\"Pool Skil\u00f8b Saalbach Hinterglemm Rosentalerhof Hotel and Apartments\" src=\"data:image\/svg+xml,%3Csvg%20xmlns%3D%27http%3A%2F%2Fwww.w3.org%2F2000%2Fsvg%27%20width%3D%271000%27%20height%3D%271000%27%20viewBox%3D%270%200%201000%201000%27%3E%3Crect%20width%3D%271000%27%20height%3D%271000%27%20fill-opacity%3D%220%22%2F%3E%3C%2Fsvg%3E\"><\/div><\/div><\/div><\/div><div class=\"fusion-fullwidth fullwidth-box fusion-builder-row-3 fusion-flex-container nonhundred-percent-fullwidth non-hundred-percent-height-scrolling cta fusion-custom-z-index\" style=\"--awb-border-radius-top-left:0px;--awb-border-radius-top-right:0px;--awb-border-radius-bottom-right:0px;--awb-border-radius-bottom-left:0px;--awb-z-index:99;--awb-padding-top:4%;--awb-padding-bottom:4%;--awb-background-color:#d4767b;--awb-flex-wrap:wrap;\" ><div class=\"fusion-builder-row fusion-row fusion-flex-align-items-flex-start fusion-flex-content-wrap\" style=\"max-width:1716px;margin-left: calc(-4% \/ 2 );margin-right: calc(-4% \/ 2 );\"><div class=\"fusion-layout-column fusion_builder_column fusion-builder-column-8 fusion-flex-column\" style=\"--awb-bg-size:cover;--awb-width-large:37%;--awb-margin-top-large:0px;--awb-spacing-right-large:5.1891891891892%;--awb-margin-bottom-large:0px;--awb-spacing-left-large:5.1891891891892%;--awb-width-medium:33.333333333333%;--awb-order-medium:0;--awb-spacing-right-medium:5.76%;--awb-spacing-left-medium:5.76%;--awb-width-small:100%;--awb-order-small:0;--awb-spacing-right-small:1.92%;--awb-spacing-left-small:1.92%;\"><div class=\"fusion-column-wrapper fusion-column-has-shadow fusion-flex-justify-content-flex-start fusion-content-layout-column\"><div class=\"fusion-title title fusion-title-6 fusion-sep-none fusion-title-center fusion-title-text fusion-title-size-four\" style=\"--awb-text-color:#ffffff;--awb-margin-top:0px;--awb-font-size:49px;\"><h4 class=\"fusion-title-heading title-heading-center\" style=\"margin:0;font-size:1em;line-height:50px;\">Har du nogen sp\u00f8rgsm\u00e5l?<\/h4><\/div><\/div><\/div><div class=\"fusion-layout-column fusion_builder_column fusion-builder-column-9 fusion-flex-column\" style=\"--awb-bg-size:cover;--awb-width-large:33%;--awb-margin-top-large:0px;--awb-spacing-right-large:5.8181818181818%;--awb-margin-bottom-large:0px;--awb-spacing-left-large:5.8181818181818%;--awb-width-medium:33.333333333333%;--awb-order-medium:0;--awb-spacing-right-medium:5.76%;--awb-spacing-left-medium:5.76%;--awb-width-small:100%;--awb-order-small:0;--awb-spacing-right-small:1.92%;--awb-spacing-left-small:1.92%;\"><div class=\"fusion-column-wrapper fusion-column-has-shadow fusion-flex-justify-content-flex-start fusion-content-layout-column\"><div class=\"fusion-text fusion-text-3 md-text-align-center sm-text-align-center fusion-text-no-margin\" style=\"--awb-text-color:#ffffff;--awb-margin-top:0px;--awb-margin-bottom:0px;--awb-text-font-family:&quot;Wotfard-Light&quot;;--awb-text-font-style:normal;--awb-text-font-weight:400;\"><p>Vi sammens\u00e6tter gerne et individuelt tilbud til dig eller hj\u00e6lper dig med din ferieplanl\u00e6gning.<\/p>\n<\/div><\/div><\/div><div class=\"fusion-layout-column fusion_builder_column fusion-builder-column-10 fusion-flex-column\" style=\"--awb-bg-size:cover;--awb-width-large:30%;--awb-margin-top-large:0px;--awb-spacing-right-large:6.4%;--awb-margin-bottom-large:0px;--awb-spacing-left-large:6.4%;--awb-width-medium:33.333333333333%;--awb-order-medium:0;--awb-spacing-right-medium:5.76%;--awb-spacing-left-medium:5.76%;--awb-width-small:100%;--awb-order-small:0;--awb-spacing-right-small:1.92%;--awb-spacing-left-small:1.92%;\"><div class=\"fusion-column-wrapper fusion-column-has-shadow fusion-flex-justify-content-flex-end fusion-content-layout-column\"><div class=\"fusion-separator fusion-no-small-visibility fusion-no-medium-visibility fusion-full-width-sep\" style=\"align-self: center;margin-left: auto;margin-right: auto;margin-bottom:200px;width:100%;\"><\/div><div class=\"md-text-align-center sm-text-align-center\" style=\"text-align:right;\"><a class=\"fusion-button button-flat fusion-button-default-size button-custom fusion-button-default button-1 fusion-button-default-span fusion-button-default-type\" style=\"--button_accent_color:#ffffff;--button_border_color:#ffffff;--button_accent_hover_color:#000000;--button_border_hover_color:#ffffff;--button_border_width-top:2px;--button_border_width-right:2px;--button_border_width-bottom:2px;--button_border_width-left:2px;--button_gradient_top_color:rgba(101,188,123,0);--button_gradient_bottom_color:rgba(101,188,123,0);--button_gradient_top_color_hover:#ffffff;--button_gradient_bottom_color_hover:#ffffff;\" target=\"_self\" href=\"https:\/\/rosentalerhof.at\/da\/forespoergsel\/\"><span class=\"fusion-button-text awb-button__text awb-button__text--default\">KONTAKT<\/span><\/a><\/div><\/div><\/div><\/div><\/div>\n<\/p>\n","protected":false},"excerpt":{"rendered":"","protected":false},"author":1,"featured_media":0,"parent":0,"menu_order":0,"comment_status":"closed","ping_status":"closed","template":"100-width.php","meta":{"footnotes":""},"class_list":["post-20669","page","type-page","status-publish","hentry"],"_links":{"self":[{"href":"https:\/\/rosentalerhof.at\/da\/wp-json\/wp\/v2\/pages\/20669","targetHints":{"allow":["GET"]}}],"collection":[{"href":"https:\/\/rosentalerhof.at\/da\/wp-json\/wp\/v2\/pages"}],"about":[{"href":"https:\/\/rosentalerhof.at\/da\/wp-json\/wp\/v2\/types\/page"}],"author":[{"embeddable":true,"href":"https:\/\/rosentalerhof.at\/da\/wp-json\/wp\/v2\/users\/1"}],"replies":[{"embeddable":true,"href":"https:\/\/rosentalerhof.at\/da\/wp-json\/wp\/v2\/comments?post=20669"}],"version-history":[{"count":23,"href":"https:\/\/rosentalerhof.at\/da\/wp-json\/wp\/v2\/pages\/20669\/revisions"}],"predecessor-version":[{"id":30737,"href":"https:\/\/rosentalerhof.at\/da\/wp-json\/wp\/v2\/pages\/20669\/revisions\/30737"}],"wp:attachment":[{"href":"https:\/\/rosentalerhof.at\/da\/wp-json\/wp\/v2\/media?parent=20669"}],"curies":[{"name":"wp","href":"https:\/\/api.w.org\/{rel}","templated":true}]}}