{"id":20747,"date":"2023-10-02T09:17:13","date_gmt":"2023-10-02T07:17:13","guid":{"rendered":"https:\/\/rosentalerhof.at\/betingelser-for-afbestilling\/"},"modified":"2026-02-11T09:32:43","modified_gmt":"2026-02-11T08:32:43","slug":"betingelser-for-afbestilling","status":"publish","type":"page","link":"https:\/\/rosentalerhof.at\/da\/betingelser-for-afbestilling\/","title":{"rendered":"Betingelser for afbestilling"},"content":{"rendered":"<p><div class=\"fusion-fullwidth fullwidth-box fusion-builder-row-1 fusion-flex-container fusion-parallax-none nonhundred-percent-fullwidth non-hundred-percent-height-scrolling essen-top top-dark-bg\" style=\"--awb-background-position:center top;--awb-border-radius-top-left:0px;--awb-border-radius-top-right:0px;--awb-border-radius-bottom-right:0px;--awb-border-radius-bottom-left:0px;--awb-padding-top:10%;--awb-padding-bottom:2%;--awb-padding-top-medium:25%;--awb-padding-top-small:35%;--awb-padding-bottom-small:0%;--awb-background-color:#f3f4ef;--awb-background-image:linear-gradient(180deg, rgba(0,0,0,0.3) 0%,rgba(255,255,255,0) 40%),url(https:\/\/rosentalerhof.at\/wp-content\/uploads\/2021\/11\/Rosentalerhof-Hotel-1.jpg);;--awb-background-size:cover;--awb-flex-wrap:wrap;\" ><div class=\"fusion-builder-row fusion-row fusion-flex-align-items-flex-start fusion-flex-content-wrap\" style=\"max-width:1716px;margin-left: calc(-4% \/ 2 );margin-right: calc(-4% \/ 2 );\"><div class=\"fusion-layout-column fusion_builder_column fusion-builder-column-0 fusion_builder_column_1_1 1_1 fusion-flex-column\" style=\"--awb-bg-size:cover;--awb-width-large:100%;--awb-margin-top-large:0px;--awb-spacing-right-large:1.92%;--awb-margin-bottom-large:20px;--awb-spacing-left-large:1.92%;--awb-width-medium:100%;--awb-order-medium:0;--awb-spacing-right-medium:1.92%;--awb-spacing-left-medium:1.92%;--awb-width-small:100%;--awb-order-small:0;--awb-spacing-right-small:1.92%;--awb-spacing-left-small:1.92%;\"><div class=\"fusion-column-wrapper fusion-column-has-shadow fusion-flex-justify-content-flex-start fusion-content-layout-column\"><div class=\"fusion-separator fusion-no-small-visibility fusion-no-medium-visibility fusion-full-width-sep\" style=\"align-self: center;margin-left: auto;margin-right: auto;margin-bottom:450px;width:100%;\"><\/div><div class=\"fusion-separator fusion-full-width-sep\" style=\"align-self: center;margin-left: auto;margin-right: auto;margin-bottom:70px;width:100%;\"><\/div><div class=\"fusion-title title fusion-title-1 fusion-sep-none fusion-title-text fusion-title-size-div\" style=\"--awb-text-color:#ffffff;--awb-margin-top:0px;--awb-margin-bottom:0px;\"><div class=\"fusion-title-heading title-heading-left title-heading-tag\" style=\"margin:0;\">Betingelser for afbestilling<\/div><\/div><\/div><\/div><\/div><\/div><div class=\"fusion-fullwidth fullwidth-box fusion-builder-row-2 fusion-flex-container nonhundred-percent-fullwidth non-hundred-percent-height-scrolling\" style=\"--awb-border-radius-top-left:0px;--awb-border-radius-top-right:0px;--awb-border-radius-bottom-right:0px;--awb-border-radius-bottom-left:0px;--awb-flex-wrap:wrap;\" ><div class=\"fusion-builder-row fusion-row fusion-flex-align-items-flex-start fusion-flex-content-wrap\" style=\"max-width:1716px;margin-left: calc(-4% \/ 2 );margin-right: calc(-4% \/ 2 );\"><div class=\"fusion-layout-column fusion_builder_column fusion-builder-column-1 fusion_builder_column_1_1 1_1 fusion-flex-column\" style=\"--awb-bg-size:cover;--awb-width-large:100%;--awb-margin-top-large:0px;--awb-spacing-right-large:1.92%;--awb-margin-bottom-large:10%;--awb-spacing-left-large:1.92%;--awb-width-medium:100%;--awb-order-medium:0;--awb-spacing-right-medium:1.92%;--awb-spacing-left-medium:1.92%;--awb-width-small:100%;--awb-order-small:0;--awb-spacing-right-small:1.92%;--awb-spacing-left-small:1.92%;\"><div class=\"fusion-column-wrapper fusion-column-has-shadow fusion-flex-justify-content-flex-start fusion-content-layout-column\"><div class=\"fusion-separator fusion-full-width-sep\" style=\"align-self: center;margin-left: auto;margin-right: auto;margin-top:30px;width:100%;\"><\/div><div class=\"fusion-title title fusion-title-2 fusion-sep-none fusion-title-center fusion-title-text fusion-title-size-one\"><h1 class=\"fusion-title-heading title-heading-center\" style=\"margin:0;\">Information om booking<\/h1><\/div><div class=\"fusion-separator fusion-full-width-sep\" style=\"align-self: center;margin-left: auto;margin-right: auto;margin-top:30px;width:100%;\"><\/div><div class=\"accordian fusion-accordian gut-zu-wissen\" style=\"--awb-border-size:1px;--awb-icon-size:16px;--awb-content-font-size:21px;--awb-icon-alignment:right;--awb-hover-color:#f9f9fb;--awb-border-color:#e2e2e2;--awb-background-color:#ffffff;--awb-divider-color:#e2e2e2;--awb-divider-hover-color:#e2e2e2;--awb-icon-color:#404040;--awb-title-color:#404040;--awb-content-color:#404040;--awb-icon-box-color:#212934;--awb-toggle-hover-accent-color:#8f9e1d;--awb-title-font-family:&quot;aller-regular&quot;;--awb-title-font-weight:400;--awb-title-font-style:normal;--awb-title-font-size:28px;--awb-content-font-family:&quot;aller-regular&quot;;--awb-content-font-style:normal;--awb-content-font-weight:400;\"><div class=\"panel-group fusion-toggle-icon-right fusion-toggle-icon-unboxed\" id=\"accordion-20747-1\"><div class=\"fusion-panel panel-default panel-41f813b10f70edfcb fusion-toggle-has-divider\"><div class=\"panel-heading\"><h4 class=\"panel-title toggle\" id=\"toggle_41f813b10f70edfcb\"><a aria-expanded=\"false\" aria-controls=\"41f813b10f70edfcb\" role=\"button\" data-toggle=\"collapse\" data-parent=\"#accordion-20747-1\" data-target=\"#41f813b10f70edfcb\" href=\"#41f813b10f70edfcb\"><span class=\"fusion-toggle-icon-wrapper\" aria-hidden=\"true\"><i class=\"fa-fusion-box active-icon awb-icon-minus\" aria-hidden=\"true\"><\/i><i class=\"fa-fusion-box inactive-icon awb-icon-plus\" aria-hidden=\"true\"><\/i><\/span><span class=\"fusion-toggle-heading\">Betingelser for reservation<\/span><\/a><\/h4><\/div><div id=\"41f813b10f70edfcb\" class=\"panel-collapse collapse \" aria-labelledby=\"toggle_41f813b10f70edfcb\"><div class=\"panel-body toggle-content fusion-clearfix\">\n<div id=\"zahlung\">Vi beder om din forst\u00e5else for, at din reservation kun er <strong>fast med depositummet<\/strong>.<\/div>\n<\/div><\/div><\/div><div class=\"fusion-panel panel-default panel-c1cf72121b04ebd8a fusion-toggle-has-divider\" style=\"--awb-title-color:#404040;--awb-content-color:#404040;\"><div class=\"panel-heading\"><h4 class=\"panel-title toggle\" id=\"toggle_c1cf72121b04ebd8a\"><a aria-expanded=\"false\" aria-controls=\"c1cf72121b04ebd8a\" role=\"button\" data-toggle=\"collapse\" data-parent=\"#accordion-20747-1\" data-target=\"#c1cf72121b04ebd8a\" href=\"#c1cf72121b04ebd8a\"><span class=\"fusion-toggle-icon-wrapper\" aria-hidden=\"true\"><i class=\"fa-fusion-box active-icon awb-icon-minus\" aria-hidden=\"true\"><\/i><i class=\"fa-fusion-box inactive-icon awb-icon-plus\" aria-hidden=\"true\"><\/i><\/span><span class=\"fusion-toggle-heading\">Betingelser for afbestilling<\/span><\/a><\/h4><\/div><div id=\"c1cf72121b04ebd8a\" class=\"panel-collapse collapse \" aria-labelledby=\"toggle_c1cf72121b04ebd8a\"><div class=\"panel-body toggle-content fusion-clearfix\">\n<div id=\"zahlung\">\n<ul>\n<li>op til <strong>8 uger<\/strong> f\u00f8r ankomstdatoen er der ingen afbestillingsgebyrer.<\/li>\n<li><strong>8 til 2 uger<\/strong> f\u00f8r ankomstdagen: 30% af arrangementets samlede pris.<\/li>\n<li>i de sidste <strong>to uger<\/strong> f\u00f8r ankomstdagen: 90% af den samlede arrangementspris<\/li>\n<li>I tilf\u00e6lde af <strong>tidlig afrejse<\/strong> eller <strong>sen ankomst<\/strong> vil det fulde bel\u00f8b blive opkr\u00e6vet. Din reservation anses for at v\u00e6re gyldig efter skriftlig bekr\u00e6ftelse af din reservation og vores genbekr\u00e6ftelse.<\/li>\n<\/ul>\n<p>Rejseafbestillingsforsikring:  <!-- x-hugerte\/html --><\/p>\n<ul>\n<li>Da man aldrig ved, hvad der kan ske, anbefaler vi, at man tegner en afbestillingsforsikring (bem\u00e6rk: den er nogle gange ogs\u00e5 inkluderet i kreditkort). Alternativt kan du nemt tegne en forsikring her: <a href=\"https:\/\/www.europaeische.at\/reiseversicherungen\/hotelstorno-premium\" target=\"_blank\" rel=\"noopener\">https:\/\/www.europaeische.at\/reiseversicherungen\/hotelstorno-premium<\/a> <\/li>\n<\/ul>\n<\/div>\n<\/div><\/div><\/div><div class=\"fusion-panel panel-default panel-a5d8235e091ac1876 fusion-toggle-has-divider\" style=\"--awb-title-color:#404040;--awb-content-color:#404040;\"><div class=\"panel-heading\"><h4 class=\"panel-title toggle\" id=\"toggle_a5d8235e091ac1876\"><a aria-expanded=\"false\" aria-controls=\"a5d8235e091ac1876\" role=\"button\" data-toggle=\"collapse\" data-parent=\"#accordion-20747-1\" data-target=\"#a5d8235e091ac1876\" href=\"#a5d8235e091ac1876\"><span class=\"fusion-toggle-icon-wrapper\" aria-hidden=\"true\"><i class=\"fa-fusion-box active-icon awb-icon-minus\" aria-hidden=\"true\"><\/i><i class=\"fa-fusion-box inactive-icon awb-icon-plus\" aria-hidden=\"true\"><\/i><\/span><span class=\"fusion-toggle-heading\">Rejseafbestillingsforsikring<\/span><\/a><\/h4><\/div><div id=\"a5d8235e091ac1876\" class=\"panel-collapse collapse \" aria-labelledby=\"toggle_a5d8235e091ac1876\"><div class=\"panel-body toggle-content fusion-clearfix\">\n<div id=\"zahlung\">\n<p>Da man aldrig ved, hvad der kan ske, anbefaler vi, at man tegner en afbestillingsforsikring (bem\u00e6rk: den er nogle gange ogs\u00e5 inkluderet i kreditkort). Alternativt kan du nemt tegne en forsikring her: <a href=\"https:\/\/www.europaeische.at\/reiseversicherungen\/hotelstorno-premium\" target=\"_blank\" rel=\"noopener\">https:\/\/www.europaeische.at\/reiseversicherungen\/hotelstorno-premium<\/a> <\/p>\n<\/div>\n<\/div><\/div><\/div><div class=\"fusion-panel panel-default panel-8aff6a89ac16632cd fusion-toggle-has-divider\" style=\"--awb-title-color:#404040;--awb-content-color:#404040;\"><div class=\"panel-heading\"><h4 class=\"panel-title toggle\" id=\"toggle_8aff6a89ac16632cd\"><a aria-expanded=\"false\" aria-controls=\"8aff6a89ac16632cd\" role=\"button\" data-toggle=\"collapse\" data-parent=\"#accordion-20747-1\" data-target=\"#8aff6a89ac16632cd\" href=\"#8aff6a89ac16632cd\"><span class=\"fusion-toggle-icon-wrapper\" aria-hidden=\"true\"><i class=\"fa-fusion-box active-icon awb-icon-minus\" aria-hidden=\"true\"><\/i><i class=\"fa-fusion-box inactive-icon awb-icon-plus\" aria-hidden=\"true\"><\/i><\/span><span class=\"fusion-toggle-heading\">Betalingsmuligheder<\/span><\/a><\/h4><\/div><div id=\"8aff6a89ac16632cd\" class=\"panel-collapse collapse \" aria-labelledby=\"toggle_8aff6a89ac16632cd\"><div class=\"panel-body toggle-content fusion-clearfix\">\n<div id=\"zahlung\">\n<p>Fakturaen kan fortrinsvis betales kontant eller med kreditkort (Visa, EC-kort, Mastercard). Vi tager ikke imod checks.<\/p>\n<p>Vores bankoplysninger:<\/p>\n<p><strong>Modtager:<\/strong> Enn Hotel GmbH \/ Co KG<br \/>\n<strong>BIC<\/strong>: RVSAAT2S052<br \/>\n<strong>IBAN<\/strong>: AT80 3505 2000 0002 3929<br \/>\n<strong>SORTERINGSKODE<\/strong>: 35052<\/p>\n<p>Bank: Raiffeisenbank Saalbach-Hinterglemm-Viehhofen regGenmbH &#8211; Filial Hinterglemm, Dorfstr. 260 5754 Hinterglemm<\/p>\n<\/div>\n<\/div><\/div><\/div><\/div><\/div>\n<div class=\"fusion-separator fusion-full-width-sep\" style=\"align-self: center;margin-left: auto;margin-right: auto;margin-top:30px;width:100%;\"><\/div><\/div><\/div><\/div><\/div><\/p>\n","protected":false},"excerpt":{"rendered":"","protected":false},"author":1,"featured_media":0,"parent":0,"menu_order":0,"comment_status":"closed","ping_status":"closed","template":"100-width.php","meta":{"footnotes":""},"class_list":["post-20747","page","type-page","status-publish","hentry"],"_links":{"self":[{"href":"https:\/\/rosentalerhof.at\/da\/wp-json\/wp\/v2\/pages\/20747","targetHints":{"allow":["GET"]}}],"collection":[{"href":"https:\/\/rosentalerhof.at\/da\/wp-json\/wp\/v2\/pages"}],"about":[{"href":"https:\/\/rosentalerhof.at\/da\/wp-json\/wp\/v2\/types\/page"}],"author":[{"embeddable":true,"href":"https:\/\/rosentalerhof.at\/da\/wp-json\/wp\/v2\/users\/1"}],"replies":[{"embeddable":true,"href":"https:\/\/rosentalerhof.at\/da\/wp-json\/wp\/v2\/comments?post=20747"}],"version-history":[{"count":6,"href":"https:\/\/rosentalerhof.at\/da\/wp-json\/wp\/v2\/pages\/20747\/revisions"}],"predecessor-version":[{"id":26228,"href":"https:\/\/rosentalerhof.at\/da\/wp-json\/wp\/v2\/pages\/20747\/revisions\/26228"}],"wp:attachment":[{"href":"https:\/\/rosentalerhof.at\/da\/wp-json\/wp\/v2\/media?parent=20747"}],"curies":[{"name":"wp","href":"https:\/\/api.w.org\/{rel}","templated":true}]}}