{"id":19214,"date":"2023-06-22T15:17:49","date_gmt":"2023-06-22T13:17:49","guid":{"rendered":"https:\/\/rosentalerhof.at\/hos-andrea-martin\/"},"modified":"2025-12-09T11:31:02","modified_gmt":"2025-12-09T10:31:02","slug":"hos-andrea-martin","status":"publish","type":"page","link":"https:\/\/rosentalerhof.at\/no\/hos-andrea-martin\/","title":{"rendered":"hos Andrea &amp; Martin"},"content":{"rendered":"<p><div class=\"fusion-fullwidth fullwidth-box fusion-builder-row-1 fusion-flex-container fusion-parallax-none nonhundred-percent-fullwidth non-hundred-percent-height-scrolling essen-top \" style=\"--awb-background-position:center top;--awb-border-radius-top-left:0px;--awb-border-radius-top-right:0px;--awb-border-radius-bottom-right:0px;--awb-border-radius-bottom-left:0px;--awb-padding-top:20%;--awb-padding-bottom:2%;--awb-padding-top-medium:45%;--awb-padding-top-small:45%;--awb-background-color:#f3f4ef;--awb-background-image:linear-gradient(180deg, rgba(0,0,0,0.3) 0%,rgba(255,255,255,0) 40%),url(https:\/\/rosentalerhof.at\/wp-content\/uploads\/2021\/11\/ANDREA2.jpg);;--awb-background-size:cover;--awb-flex-wrap:wrap;\" ><div class=\"fusion-builder-row fusion-row fusion-flex-align-items-flex-start fusion-flex-content-wrap\" style=\"max-width:1716px;margin-left: calc(-4% \/ 2 );margin-right: calc(-4% \/ 2 );\"><div class=\"fusion-layout-column fusion_builder_column fusion-builder-column-0 fusion_builder_column_1_1 1_1 fusion-flex-column\" style=\"--awb-bg-size:cover;--awb-width-large:100%;--awb-margin-top-large:0px;--awb-spacing-right-large:1.92%;--awb-margin-bottom-large:20px;--awb-spacing-left-large:1.92%;--awb-width-medium:100%;--awb-order-medium:0;--awb-spacing-right-medium:1.92%;--awb-spacing-left-medium:1.92%;--awb-width-small:100%;--awb-order-small:0;--awb-spacing-right-small:1.92%;--awb-spacing-left-small:1.92%;\"><div class=\"fusion-column-wrapper fusion-column-has-shadow fusion-flex-justify-content-flex-start fusion-content-layout-column\"><div class=\"fusion-title title fusion-title-1 fusion-sep-none fusion-title-center fusion-title-text fusion-title-size-one\" style=\"--awb-text-color:#ffffff;--awb-margin-bottom:50px;--awb-font-size:4em;\"><h1 class=\"fusion-title-heading title-heading-center\" style=\"font-family:&quot;aller-regular&quot;;font-style:normal;font-weight:400;margin:0;font-size:1em;line-height:1em;\">Vertene dine i Saalbach Hinterglemm: Andrea og Martin<\/h1><\/div><\/div><\/div><div class=\"fusion-layout-column fusion_builder_column fusion-builder-column-1 fusion_builder_column_1_1 1_1 fusion-flex-column\" style=\"--awb-bg-size:cover;--awb-width-large:100%;--awb-margin-top-large:0px;--awb-spacing-right-large:1.92%;--awb-margin-bottom-large:20px;--awb-spacing-left-large:1.92%;--awb-width-medium:100%;--awb-order-medium:0;--awb-spacing-right-medium:1.92%;--awb-spacing-left-medium:1.92%;--awb-width-small:100%;--awb-order-small:0;--awb-spacing-right-small:1.92%;--awb-spacing-left-small:1.92%;\"><div class=\"fusion-column-wrapper fusion-column-has-shadow fusion-flex-justify-content-flex-start fusion-content-layout-column\"><div class=\"fusion-separator fusion-no-small-visibility fusion-no-medium-visibility fusion-full-width-sep\" style=\"align-self: center;margin-left: auto;margin-right: auto;margin-bottom:550px;width:100%;\"><\/div><\/div><\/div><\/div><\/div><div class=\"fusion-fullwidth fullwidth-box fusion-builder-row-2 fusion-flex-container nonhundred-percent-fullwidth non-hundred-percent-height-scrolling essen-top\" style=\"--awb-border-radius-top-left:0px;--awb-border-radius-top-right:0px;--awb-border-radius-bottom-right:0px;--awb-border-radius-bottom-left:0px;--awb-padding-top:4%;--awb-padding-bottom:4%;--awb-padding-right-medium:5%;--awb-padding-left-medium:5%;--awb-background-color:#f3f4ef;--awb-flex-wrap:wrap;\" ><div class=\"fusion-builder-row fusion-row fusion-flex-align-items-flex-start fusion-flex-content-wrap\" style=\"max-width:1716px;margin-left: calc(-4% \/ 2 );margin-right: calc(-4% \/ 2 );\"><div class=\"fusion-layout-column fusion_builder_column fusion-builder-column-2 fusion_builder_column_1_2 1_2 fusion-flex-column\" style=\"--awb-bg-size:cover;--awb-width-large:50%;--awb-margin-top-large:0px;--awb-spacing-right-large:3.84%;--awb-margin-bottom-large:0px;--awb-spacing-left-large:3.84%;--awb-width-medium:100%;--awb-order-medium:0;--awb-spacing-right-medium:1.92%;--awb-spacing-left-medium:1.92%;--awb-width-small:100%;--awb-order-small:0;--awb-spacing-right-small:1.92%;--awb-spacing-left-small:1.92%;\"><div class=\"fusion-column-wrapper fusion-column-has-shadow fusion-flex-justify-content-flex-start fusion-content-layout-column\"><div class=\"fusion-title title fusion-title-2 fusion-sep-none fusion-title-center fusion-title-text fusion-title-size-two\" style=\"--awb-margin-top:0px;--awb-margin-bottom:0px;\"><h2 class=\"fusion-title-heading title-heading-center\" style=\"margin:0;letter-spacing:1px;\">En avslappet, uformell atmosf\u00e6re venter p\u00e5 deg her!<\/h2><\/div><div class=\"fusion-separator fusion-no-large-visibility fusion-full-width-sep\" style=\"align-self: center;margin-left: auto;margin-right: auto;margin-bottom:20px;width:100%;\"><\/div><\/div><\/div><div class=\"fusion-layout-column fusion_builder_column fusion-builder-column-3 fusion_builder_column_1_2 1_2 fusion-flex-column\" style=\"--awb-padding-top:30px;--awb-bg-size:cover;--awb-width-large:50%;--awb-margin-top-large:0px;--awb-spacing-right-large:3.84%;--awb-margin-bottom-large:0px;--awb-spacing-left-large:3.84%;--awb-width-medium:100%;--awb-order-medium:0;--awb-spacing-right-medium:1.92%;--awb-spacing-left-medium:1.92%;--awb-width-small:100%;--awb-order-small:0;--awb-spacing-right-small:1.92%;--awb-spacing-left-small:1.92%;\"><div class=\"fusion-column-wrapper fusion-column-has-shadow fusion-flex-justify-content-flex-start fusion-content-layout-column\"><div class=\"fusion-text fusion-text-1\" style=\"--awb-text-transform:none;\"><p>Atmosf\u00e6ren p\u00e5 hotellet er koselig og uformell. Slapp av i moderne alpin stil med gamle treelementer, komfortable senger, vakker utsikt og verdens beste gjester!<\/p>\n<p>Vi tror p\u00e5 fjellets kraft: \u00f8kende velv\u00e6re, helse og selvkontemplasjon. Lekeplassen Berge er mye mer enn ren moro, b\u00e5de vinter og sommer. Med Berg.Kraft-brosjyren vil vi gjerne bringe deg n\u00e6rmere fjellet.<\/p>\n<p>V\u00e5rt <a href=\"https:\/\/rosentalerhof.at\/no\/spa\/\">Berg.Spa<\/a> tilbyr en finsk badstue, et sanarium, et oppvarmet utend\u00f8rsbasseng, tre avslapningsrom og et minigym med kinesisutstyr av h\u00f8y kvalitet. En balansert sameksistens mellom foreldre og barn er viktig for oss, og derfor finnes det omr\u00e5der kun for voksne og separate barneomr\u00e5der, slik at alle kan finne sin plass.<br \/>\nP\u00e5 <a href=\"https:\/\/rosentalerhof.at\/no\/spis-drikk\/\">solterrassen<\/a> kan du nyte uforstyrret fjellutsikt mens du holder et avslappet \u00f8ye med barna dine p\u00e5 Montelino&#8217;s Erlebnisalm, og en forfriskende drink i h\u00e5nden gj\u00f8r pausen perfekt. <\/p>\n<p>Hjertet i frokosten v\u00e5r er frokostblandingshj\u00f8rnet og det skiftende utvalget av br\u00f8d. N\u00e5r det gjelder fruktjuicer bruker vi gjerne lokale produkter.<\/p>\n<p>Vi er i <a href=\"https:\/\/rosentalerhof.at\/no\/posisjon\/\">sentrum av Hinterglemm<\/a> og et lite stykke unna kjas og mas. Alt er innen gangavstand og likevel kan du nyte freden og roen.<\/p>\n<p>Hvert fjell er forskjellig og Leit san forskjellig. Vi finner den perfekte fjellopplevelsen for deg. Hvis du vil ha inspirasjon akkurat n\u00e5, klikker du bare gjennom <a href=\"https:\/\/rosentalerhof.at\/no\/tips\/\">tipsene v\u00e5re<\/a> .<\/p>\n<p>Vi er glade for \u00e5 v\u00e6re der og er glade for \u00e5 v\u00e6re vertskapet deres med kropp og sjel! Det er viktig for oss \u00e5 tilby akkurat det rette for deg p\u00e5 h\u00f8yt niv\u00e5.<\/p>\n<p>Andrea og Martin<\/p>\n<\/div><div class=\"fusion-separator fusion-no-large-visibility fusion-full-width-sep\" style=\"align-self: center;margin-left: auto;margin-right: auto;margin-bottom:20px;width:100%;\"><\/div><\/div><\/div><\/div><\/div><div class=\"fusion-fullwidth fullwidth-box fusion-builder-row-3 fusion-flex-container nonhundred-percent-fullwidth non-hundred-percent-height-scrolling cta fusion-custom-z-index\" style=\"--awb-border-radius-top-left:0px;--awb-border-radius-top-right:0px;--awb-border-radius-bottom-right:0px;--awb-border-radius-bottom-left:0px;--awb-z-index:99;--awb-padding-top:4%;--awb-padding-bottom:4%;--awb-background-color:#d4767b;--awb-flex-wrap:wrap;\" ><div class=\"fusion-builder-row fusion-row fusion-flex-align-items-flex-start fusion-flex-content-wrap\" style=\"max-width:1716px;margin-left: calc(-4% \/ 2 );margin-right: calc(-4% \/ 2 );\"><div class=\"fusion-layout-column fusion_builder_column fusion-builder-column-4 fusion-flex-column\" style=\"--awb-bg-size:cover;--awb-width-large:37%;--awb-margin-top-large:0px;--awb-spacing-right-large:5.1891891891892%;--awb-margin-bottom-large:0px;--awb-spacing-left-large:5.1891891891892%;--awb-width-medium:33.333333333333%;--awb-order-medium:0;--awb-spacing-right-medium:5.76%;--awb-spacing-left-medium:5.76%;--awb-width-small:100%;--awb-order-small:0;--awb-spacing-right-small:1.92%;--awb-spacing-left-small:1.92%;\"><div class=\"fusion-column-wrapper fusion-column-has-shadow fusion-flex-justify-content-flex-start fusion-content-layout-column\"><div class=\"fusion-title title fusion-title-3 fusion-sep-none fusion-title-center fusion-title-text fusion-title-size-four\" style=\"--awb-text-color:#ffffff;--awb-margin-top:0px;--awb-font-size:49px;\"><h4 class=\"fusion-title-heading title-heading-center\" style=\"margin:0;font-size:1em;line-height:50px;\">har du sp\u00f8rsm\u00e5l?<\/h4><\/div><\/div><\/div><div class=\"fusion-layout-column fusion_builder_column fusion-builder-column-5 fusion-flex-column\" style=\"--awb-bg-size:cover;--awb-width-large:33%;--awb-margin-top-large:0px;--awb-spacing-right-large:5.8181818181818%;--awb-margin-bottom-large:0px;--awb-spacing-left-large:5.8181818181818%;--awb-width-medium:33.333333333333%;--awb-order-medium:0;--awb-spacing-right-medium:5.76%;--awb-spacing-left-medium:5.76%;--awb-width-small:100%;--awb-order-small:0;--awb-spacing-right-small:1.92%;--awb-spacing-left-small:1.92%;\"><div class=\"fusion-column-wrapper fusion-column-has-shadow fusion-flex-justify-content-flex-start fusion-content-layout-column\"><div class=\"fusion-text fusion-text-2 md-text-align-center sm-text-align-center fusion-text-no-margin\" style=\"--awb-text-color:#ffffff;--awb-margin-top:0px;--awb-margin-bottom:0px;--awb-text-font-family:&quot;Wotfard-Light&quot;;--awb-text-font-style:normal;--awb-text-font-weight:400;\"><p>Vi setter gjerne sammen et individuelt tilbud til deg eller hjelper deg med ferieplanleggingen.<\/p>\n<\/div><\/div><\/div><div class=\"fusion-layout-column fusion_builder_column fusion-builder-column-6 fusion-flex-column\" style=\"--awb-bg-size:cover;--awb-width-large:30%;--awb-margin-top-large:0px;--awb-spacing-right-large:6.4%;--awb-margin-bottom-large:0px;--awb-spacing-left-large:6.4%;--awb-width-medium:33.333333333333%;--awb-order-medium:0;--awb-spacing-right-medium:5.76%;--awb-spacing-left-medium:5.76%;--awb-width-small:100%;--awb-order-small:0;--awb-spacing-right-small:1.92%;--awb-spacing-left-small:1.92%;\"><div class=\"fusion-column-wrapper fusion-column-has-shadow fusion-flex-justify-content-flex-end fusion-content-layout-column\"><div class=\"fusion-separator fusion-no-small-visibility fusion-no-medium-visibility fusion-full-width-sep\" style=\"align-self: center;margin-left: auto;margin-right: auto;margin-bottom:200px;width:100%;\"><\/div><div class=\"md-text-align-center sm-text-align-center\" style=\"text-align:right;\"><a class=\"fusion-button button-flat fusion-button-default-size button-custom fusion-button-default button-1 fusion-button-default-span fusion-button-default-type\" style=\"--button_accent_color:#ffffff;--button_border_color:#ffffff;--button_accent_hover_color:#000000;--button_border_hover_color:#ffffff;--button_border_width-top:2px;--button_border_width-right:2px;--button_border_width-bottom:2px;--button_border_width-left:2px;--button_gradient_top_color:rgba(101,188,123,0);--button_gradient_bottom_color:rgba(101,188,123,0);--button_gradient_top_color_hover:#ffffff;--button_gradient_bottom_color_hover:#ffffff;\" target=\"_self\" href=\"https:\/\/rosentalerhof.at\/no\/forespoersel\/\"><span class=\"fusion-button-text awb-button__text awb-button__text--default\">KONTAKT<\/span><\/a><\/div><\/div><\/div><\/div><\/div>\n<\/p>\n","protected":false},"excerpt":{"rendered":"","protected":false},"author":1,"featured_media":0,"parent":0,"menu_order":0,"comment_status":"closed","ping_status":"closed","template":"100-width.php","meta":{"footnotes":""},"class_list":["post-19214","page","type-page","status-publish","hentry"],"_links":{"self":[{"href":"https:\/\/rosentalerhof.at\/no\/wp-json\/wp\/v2\/pages\/19214","targetHints":{"allow":["GET"]}}],"collection":[{"href":"https:\/\/rosentalerhof.at\/no\/wp-json\/wp\/v2\/pages"}],"about":[{"href":"https:\/\/rosentalerhof.at\/no\/wp-json\/wp\/v2\/types\/page"}],"author":[{"embeddable":true,"href":"https:\/\/rosentalerhof.at\/no\/wp-json\/wp\/v2\/users\/1"}],"replies":[{"embeddable":true,"href":"https:\/\/rosentalerhof.at\/no\/wp-json\/wp\/v2\/comments?post=19214"}],"version-history":[{"count":5,"href":"https:\/\/rosentalerhof.at\/no\/wp-json\/wp\/v2\/pages\/19214\/revisions"}],"predecessor-version":[{"id":23455,"href":"https:\/\/rosentalerhof.at\/no\/wp-json\/wp\/v2\/pages\/19214\/revisions\/23455"}],"wp:attachment":[{"href":"https:\/\/rosentalerhof.at\/no\/wp-json\/wp\/v2\/media?parent=19214"}],"curies":[{"name":"wp","href":"https:\/\/api.w.org\/{rel}","templated":true}]}}