{"id":19218,"date":"2023-06-22T15:17:53","date_gmt":"2023-06-22T13:17:53","guid":{"rendered":"https:\/\/rosentalerhof.at\/posisjon\/"},"modified":"2026-03-17T15:17:32","modified_gmt":"2026-03-17T14:17:32","slug":"posisjon","status":"publish","type":"page","link":"https:\/\/rosentalerhof.at\/no\/posisjon\/","title":{"rendered":"Posisjon"},"content":{"rendered":"<p><div class=\"fusion-fullwidth fullwidth-box fusion-builder-row-1 fusion-flex-container nonhundred-percent-fullwidth non-hundred-percent-height-scrolling essen-top sticky-footer fusion-custom-z-index\" style=\"--awb-border-radius-top-left:0px;--awb-border-radius-top-right:0px;--awb-border-radius-bottom-right:0px;--awb-border-radius-bottom-left:0px;--awb-z-index:9;--awb-padding-top:15%;--awb-padding-bottom:2%;--awb-padding-top-medium:25%;--awb-padding-top-small:25%;--awb-background-color:#f3f4ef;--awb-flex-wrap:wrap;\" ><div class=\"fusion-builder-row fusion-row fusion-flex-align-items-flex-start fusion-flex-content-wrap\" style=\"max-width:1716px;margin-left: calc(-4% \/ 2 );margin-right: calc(-4% \/ 2 );\"><div class=\"fusion-layout-column fusion_builder_column fusion-builder-column-0 fusion_builder_column_1_1 1_1 fusion-flex-column\" style=\"--awb-bg-size:cover;--awb-width-large:100%;--awb-margin-top-large:0px;--awb-spacing-right-large:1.92%;--awb-margin-bottom-large:20px;--awb-spacing-left-large:1.92%;--awb-width-medium:100%;--awb-order-medium:0;--awb-spacing-right-medium:1.92%;--awb-spacing-left-medium:1.92%;--awb-width-small:100%;--awb-order-small:0;--awb-spacing-right-small:1.92%;--awb-spacing-left-small:1.92%;\"><div class=\"fusion-column-wrapper fusion-column-has-shadow fusion-flex-justify-content-flex-start fusion-content-layout-column\"><div class=\"fusion-title title fusion-title-1 fusion-sep-none fusion-title-center fusion-title-text fusion-title-size-one\" style=\"--awb-margin-bottom:50px;--awb-font-size:4em;\"><h1 class=\"fusion-title-heading title-heading-center\" style=\"font-family:&quot;aller-regular&quot;;font-style:normal;font-weight:400;margin:0;font-size:1em;line-height:1em;\"><p>Ditt hotell med sentral beliggenhet<br \/>\nmed uhindret utsikt i Saalbach Hinterglemm<\/p><\/h1><\/div><\/div><\/div><div class=\"fusion-layout-column fusion_builder_column fusion-builder-column-1 fusion_builder_column_1_1 1_1 fusion-flex-column\" style=\"--awb-bg-size:cover;--awb-width-large:100%;--awb-margin-top-large:0px;--awb-spacing-right-large:1.92%;--awb-margin-bottom-large:20px;--awb-spacing-left-large:1.92%;--awb-width-medium:100%;--awb-order-medium:0;--awb-spacing-right-medium:1.92%;--awb-spacing-left-medium:1.92%;--awb-width-small:100%;--awb-order-small:0;--awb-spacing-right-small:1.92%;--awb-spacing-left-small:1.92%;\"><div class=\"fusion-column-wrapper fusion-column-has-shadow fusion-flex-justify-content-flex-start fusion-content-layout-column\"><div class=\"fusion-title title fusion-title-2 fusion-sep-none fusion-title-center fusion-title-text fusion-title-size-two\" style=\"--awb-margin-top:0px;--awb-margin-bottom:0px;\"><h2 class=\"fusion-title-heading title-heading-center\" style=\"margin:0;\">Sol i ansiktet, fjell i sikte, korte avstander &#8211; det er slik frihet f\u00f8les.<br \/>\nDu bor bare tre minutters gange fra g\u00e5gaten og heisstasjonene.<\/p>\n<p>Du kan nyte uforstyrret fjellutsikt fra balkongene p\u00e5 rommene og leilighetene v\u00e5re, i Berg.spa og p\u00e5 solterrassen v\u00e5r.<\/p><\/h2><\/div><\/div><\/div><div class=\"fusion-layout-column fusion_builder_column fusion-builder-column-2 fusion_builder_column_1_1 1_1 fusion-flex-column\" style=\"--awb-bg-size:cover;--awb-width-large:100%;--awb-margin-top-large:0px;--awb-spacing-right-large:1.92%;--awb-margin-bottom-large:20px;--awb-spacing-left-large:1.92%;--awb-width-medium:100%;--awb-order-medium:0;--awb-spacing-right-medium:1.92%;--awb-spacing-left-medium:1.92%;--awb-width-small:100%;--awb-order-small:0;--awb-spacing-right-small:1.92%;--awb-spacing-left-small:1.92%;\"><div class=\"fusion-column-wrapper fusion-column-has-shadow fusion-flex-justify-content-flex-start fusion-content-layout-column\"><div class=\"fusion-separator fusion-no-small-visibility fusion-no-medium-visibility fusion-full-width-sep\" style=\"align-self: center;margin-left: auto;margin-right: auto;margin-bottom:150px;width:100%;\"><\/div><div class=\"fusion-title title fusion-title-3 fusion-sep-none fusion-title-text fusion-title-size-three\" style=\"--awb-margin-top:0px;--awb-margin-bottom:0px;--awb-font-size:40px;\"><h3 class=\"fusion-title-heading title-heading-left\" style=\"font-family:&quot;wotfard-regular&quot;;font-style:normal;font-weight:400;margin:0;font-size:1em;line-height:50px;\">Posisjon<\/h3><\/div><\/div><\/div><\/div><\/div><div class=\"fusion-fullwidth fullwidth-box fusion-builder-row-2 fusion-flex-container hundred-percent-fullwidth non-hundred-percent-height-scrolling lage-second\" style=\"--awb-border-radius-top-left:0px;--awb-border-radius-top-right:0px;--awb-border-radius-bottom-right:0px;--awb-border-radius-bottom-left:0px;--awb-padding-right:0px;--awb-padding-left:0px;--awb-flex-wrap:wrap;\" ><div class=\"fusion-builder-row fusion-row fusion-flex-align-items-stretch fusion-flex-content-wrap\" style=\"width:calc( 100% + 0px ) !important;max-width:calc( 100% + 0px ) !important;margin-left: calc(-0px \/ 2 );margin-right: calc(-0px \/ 2 );\"><div class=\"fusion-layout-column fusion_builder_column fusion-builder-column-3 fusion_builder_column_1_2 1_2 fusion-flex-column\" style=\"--awb-padding-top:85%;--awb-padding-right:5%;--awb-padding-bottom:5%;--awb-padding-left:5%;--awb-padding-top-small:10%;--awb-bg-image:url(&#039;https:\/\/rosentalerhof.at\/wp-content\/uploads\/2025\/09\/Saalbach-Montelinos-Erlebnisalm-Rosentalerhof-Hotel-und-App.-1000px.jpg&#039;);--awb-bg-position:center top;--awb-bg-size:cover;--awb-width-large:50%;--awb-margin-top-large:0px;--awb-spacing-right-large:0px;--awb-margin-bottom-large:0px;--awb-spacing-left-large:0px;--awb-width-medium:100%;--awb-order-medium:0;--awb-spacing-right-medium:0px;--awb-spacing-left-medium:0px;--awb-width-small:100%;--awb-order-small:0;--awb-spacing-right-small:0px;--awb-spacing-left-small:0px;\" data-scroll-devices=\"small-visibility,medium-visibility,large-visibility\"><div class=\"fusion-column-wrapper fusion-column-has-shadow fusion-flex-justify-content-flex-start fusion-content-layout-column fusion-empty-column-bg-image fusion-column-has-bg-image\" data-bg-url=\"https:\/\/rosentalerhof.at\/wp-content\/uploads\/2025\/09\/Saalbach-Montelinos-Erlebnisalm-Rosentalerhof-Hotel-und-App.-1000px.jpg\"><img decoding=\"async\" class=\"fusion-empty-dims-img-placeholder fusion-no-large-visibility\" alt=\"Saalbach Montelinos Erlebnisalm - Rosentalerhof Hotel und Appartement\" aria-label=\"Saalbach Montelinos Erlebnisalm &#8211; Rosentalerhof Hotel und App. 1000px\" src=\"data:image\/svg+xml,%3Csvg%20xmlns%3D%27http%3A%2F%2Fwww.w3.org%2F2000%2Fsvg%27%20width%3D%271000%27%20height%3D%271000%27%20viewBox%3D%270%200%201000%201000%27%3E%3Crect%20width%3D%271000%27%20height%3D%271000%27%20fill-opacity%3D%220%22%2F%3E%3C%2Fsvg%3E\"><\/div><\/div><div class=\"fusion-layout-column fusion_builder_column fusion-builder-column-4 fusion_builder_column_1_2 1_2 fusion-flex-column\" style=\"--awb-padding-top:20%;--awb-padding-right:12%;--awb-padding-bottom:20%;--awb-padding-left:12%;--awb-padding-top-small:10%;--awb-padding-right-small:30px;--awb-padding-bottom-small:10%;--awb-padding-left-small:30px;--awb-bg-color:#eef1dd;--awb-bg-color-hover:#eef1dd;--awb-bg-size:cover;--awb-width-large:50%;--awb-margin-top-large:0px;--awb-spacing-right-large:0px;--awb-margin-bottom-large:0px;--awb-spacing-left-large:0px;--awb-width-medium:100%;--awb-order-medium:0;--awb-spacing-right-medium:0px;--awb-spacing-left-medium:0px;--awb-width-small:100%;--awb-order-small:0;--awb-spacing-right-small:0px;--awb-spacing-left-small:0px;\"><div class=\"fusion-column-wrapper fusion-column-has-shadow fusion-flex-justify-content-flex-start fusion-content-layout-column\"><div class=\"fusion-title title fusion-title-4 fusion-sep-none fusion-title-text fusion-title-size-three \" style=\"--awb-margin-top:0px;\"><h3 class=\"fusion-title-heading title-heading-left\" style=\"margin:0;\">Sommer<\/h3><\/div><div class=\"fusion-text fusion-text-1 fusion-text-no-margin\" style=\"--awb-text-transform:none;--awb-margin-bottom:0px;\"><ul>\n<li><span class=\"a_GcMg font-feature-liga-off font-feature-clig-off font-feature-calt-off text-decoration-none text-strikethrough-none\">Sentral beliggenhet og fantastisk vidde: solsiden og uhindret fjellutsikt i en dobbeltpakke<\/span>, bare 300 meter fra g\u00e5gaten med restauranter, barer og butikker<\/li>\n<li>300 meter til Reiterkogelbahn (utvidelse sommeren 2026, erstatningsheis: Hochalmbahn)<\/li>\n<li>Solsiden: Nyt ettermiddagssolen p\u00e5 <a href=\"https:\/\/rosentalerhof.at\/no\/spis-drikk\/\">solterrassen<\/a> og ved <a href=\"https:\/\/rosentalerhof.at\/no\/spa\/\">bassenget<\/a> med uforstyrret utsikt over fjellene<\/li>\n<li><strong>Montelinos Adventure Alm venter rett ved siden av huset<\/strong> &#8211; et ekte paradis for barn og familier! Se frem til en stor eventyrlekeplass med sklier, husker, klatret\u00e5rn, vannlekeplass og mye mer. <\/li>\n<li><strong>Nytt: Eventyrgolfbanen<\/strong> &#8211; en spennende opplevelse for store og sm\u00e5, der dyktighet og moro st\u00e5r i sentrum.<\/li>\n<li>Nyt avslappende ettermiddager p\u00e5 v\u00e5r solfylte terrasse med fantastisk utsikt over parken &#8211; pluss sommerdrinker og god ferief\u00f8lelse.<\/li>\n<li>Sykkelutleie innen gangavstand (Bike&#8217;n Soul Shop \/ Sport Gumpold)<\/li>\n<li>Turbussholdeplass rett utenfor d\u00f8ren<\/li>\n<li>Tilbake til hotellet p\u00e5 samme niv\u00e5 som sentrum, uten svette og uten stigning<\/li>\n<\/ul>\n<\/div><div class=\"fusion-modal modal fade modal-1 lageplan_sommer\" tabindex=\"-1\" role=\"dialog\" aria-labelledby=\"modal-heading-1\" aria-hidden=\"true\" style=\"--awb-border-color:#e2e2e2;--awb-background:#ffffff;\"><div class=\"modal-dialog modal-lg\" role=\"document\"><div class=\"modal-content fusion-modal-content\"><div class=\"modal-header\"><button class=\"close\" type=\"button\" data-dismiss=\"modal\" aria-hidden=\"true\" aria-label=\"Close\">&times;<\/button><h3 class=\"modal-title\" id=\"modal-heading-1\" data-dismiss=\"modal\" aria-hidden=\"true\">bebyggelsesplan<\/h3><\/div><div class=\"modal-body fusion-clearfix\">\n<p><img decoding=\"async\" class=\"alignnone size-full wp-image-8702\" src=\"https:\/\/rosentalerhof.at\/wp-content\/uploads\/2021\/11\/Lageplan-Saalbach-Hinterglemm-Rosen.jpg\" alt=\"Omr\u00e5deplan Saalbach Hinterglemm Rosentalerhof Hotell og leiligheter\" width=\"1859\" height=\"1446\" srcset=\"https:\/\/rosentalerhof.at\/wp-content\/uploads\/2021\/11\/Lageplan-Saalbach-Hinterglemm-Rosen-200x156.jpg 200w, https:\/\/rosentalerhof.at\/wp-content\/uploads\/2021\/11\/Lageplan-Saalbach-Hinterglemm-Rosen-300x233.jpg 300w, https:\/\/rosentalerhof.at\/wp-content\/uploads\/2021\/11\/Lageplan-Saalbach-Hinterglemm-Rosen-400x311.jpg 400w, https:\/\/rosentalerhof.at\/wp-content\/uploads\/2021\/11\/Lageplan-Saalbach-Hinterglemm-Rosen-600x467.jpg 600w, https:\/\/rosentalerhof.at\/wp-content\/uploads\/2021\/11\/Lageplan-Saalbach-Hinterglemm-Rosen-768x597.jpg 768w, https:\/\/rosentalerhof.at\/wp-content\/uploads\/2021\/11\/Lageplan-Saalbach-Hinterglemm-Rosen-800x622.jpg 800w, https:\/\/rosentalerhof.at\/wp-content\/uploads\/2021\/11\/Lageplan-Saalbach-Hinterglemm-Rosen-1024x797.jpg 1024w, https:\/\/rosentalerhof.at\/wp-content\/uploads\/2021\/11\/Lageplan-Saalbach-Hinterglemm-Rosen-1200x933.jpg 1200w, https:\/\/rosentalerhof.at\/wp-content\/uploads\/2021\/11\/Lageplan-Saalbach-Hinterglemm-Rosen-1536x1195.jpg 1536w, https:\/\/rosentalerhof.at\/wp-content\/uploads\/2021\/11\/Lageplan-Saalbach-Hinterglemm-Rosen.jpg 1859w\" sizes=\"(max-width: 1859px) 100vw, 1859px\" \/><\/p>\n<\/div><\/div><\/div><\/div><\/div><\/div><div class=\"fusion-layout-column fusion_builder_column fusion-builder-column-5 fusion_builder_column_1_2 1_2 fusion-flex-column fusion-no-large-visibility\" style=\"--awb-padding-top:85%;--awb-padding-right:5%;--awb-padding-bottom:5%;--awb-padding-left:5%;--awb-padding-top-small:10%;--awb-bg-image:url(&#039;https:\/\/rosentalerhof.at\/wp-content\/uploads\/2022\/04\/Pool-Winter-2.jpg&#039;);--awb-bg-position:center top;--awb-bg-size:cover;--awb-width-large:50%;--awb-margin-top-large:0px;--awb-spacing-right-large:0px;--awb-margin-bottom-large:0px;--awb-spacing-left-large:0px;--awb-width-medium:100%;--awb-order-medium:0;--awb-spacing-right-medium:0px;--awb-spacing-left-medium:0px;--awb-width-small:100%;--awb-order-small:0;--awb-spacing-right-small:0px;--awb-spacing-left-small:0px;\" data-scroll-devices=\"small-visibility,medium-visibility,large-visibility\"><div class=\"fusion-column-wrapper fusion-column-has-shadow fusion-flex-justify-content-flex-start fusion-content-layout-column fusion-empty-column-bg-image fusion-column-has-bg-image\" data-bg-url=\"https:\/\/rosentalerhof.at\/wp-content\/uploads\/2022\/04\/Pool-Winter-2.jpg\"><img decoding=\"async\" class=\"fusion-empty-dims-img-placeholder fusion-no-large-visibility\" alt=\"Basseng Skikj\u00f8ring Saalbach Hinterglemm Rosentalerhof Hotel and Apartments\" aria-label=\"Basseng Skikj\u00f8ring Saalbach Hinterglemm Rosentalerhof Hotel and Apartments\" src=\"data:image\/svg+xml,%3Csvg%20xmlns%3D%27http%3A%2F%2Fwww.w3.org%2F2000%2Fsvg%27%20width%3D%271000%27%20height%3D%271000%27%20viewBox%3D%270%200%201000%201000%27%3E%3Crect%20width%3D%271000%27%20height%3D%271000%27%20fill-opacity%3D%220%22%2F%3E%3C%2Fsvg%3E\"><\/div><\/div><div class=\"fusion-layout-column fusion_builder_column fusion-builder-column-6 fusion_builder_column_1_2 1_2 fusion-flex-column\" style=\"--awb-padding-top:20%;--awb-padding-right:12%;--awb-padding-bottom:20%;--awb-padding-left:12%;--awb-padding-top-small:10%;--awb-padding-right-small:30px;--awb-padding-bottom-small:10%;--awb-padding-left-small:30px;--awb-bg-color:#f3f4ef;--awb-bg-color-hover:#f3f4ef;--awb-bg-size:cover;--awb-width-large:50%;--awb-margin-top-large:0px;--awb-spacing-right-large:0px;--awb-margin-bottom-large:0px;--awb-spacing-left-large:0px;--awb-width-medium:100%;--awb-order-medium:0;--awb-spacing-right-medium:0px;--awb-spacing-left-medium:0px;--awb-width-small:100%;--awb-order-small:0;--awb-spacing-right-small:0px;--awb-spacing-left-small:0px;\"><div class=\"fusion-column-wrapper fusion-column-has-shadow fusion-flex-justify-content-flex-start fusion-content-layout-column\"><div class=\"fusion-title title fusion-title-5 fusion-sep-none fusion-title-text fusion-title-size-four \" style=\"--awb-margin-top:0px;\"><h4 class=\"fusion-title-heading title-heading-left\" style=\"margin:0;\"><h3>Vinter  <span class=\"smalltext\"><a class=\"fusion-modal-text-link\" data-toggle=\"modal\" data-target=\".fusion-modal.lageplan_winter\" href=\"#\">bebyggelsesplan<\/a><\/span><\/h3><\/h4><\/div><div class=\"fusion-text fusion-text-2 fusion-text-no-margin\" style=\"--awb-text-transform:none;--awb-margin-bottom:0px;\"><ul>\n<li>Ditt hotell med en sentral beliggenhet med uhindret utsikt i Saalbach Hinterglemm og likevel vekk fra nattlig kjas og mas<\/li>\n<li>Alt innen gangavstand<\/li>\n<li>Du kommer deg raskt <a href=\"https:\/\/rosentalerhof.at\/no\/loeypekart\/\">til pisten<\/a>: 80 meter til Bergfriedlift eller 300 meter til Reiterkogelbahn (skibussholdeplass rett utenfor d\u00f8ren: rask tilgang til andre taubaner)<\/li>\n<li>Ferier uten bil: Hele skiomr\u00e5det ligger i gangavstand b\u00e5de p\u00e5 s\u00f8r- og nordsiden<\/li>\n<li>P\u00e5 bare 300 meter er du i g\u00e5gaten med restauranter, barer og skiutleiebutikker<\/li>\n<li>Selv om vinteren er det stille og solrikt her<\/li>\n<li><a href=\"https:\/\/rosentalerhof.at\/no\/skikurs-og-utleie\/\">Flere skiutleiebutikker<\/a> innen 250 til 500 meter fra hotellet<\/li>\n<li><a href=\"https:\/\/rosentalerhof.at\/no\/skikurs-og-utleie\/\">Barneskiskole<\/a>: Tilgjengelig via Bergfriedlift eller for nybegynnere stopper skiskoletoget direkte ved Rosentalerhof<\/li>\n<li>Du kan parkere bilen din (\u00e9n parkeringsplass per rom\/leilighet) enkelt og gratis p\u00e5 hotellets parkeringsplass. Du finner flere gratis parkeringsplasser 250 meter fra hotellet. <\/li>\n<\/ul>\n<\/div><div class=\"fusion-modal modal fade modal-2 lageplan_winter\" tabindex=\"-1\" role=\"dialog\" aria-labelledby=\"modal-heading-2\" aria-hidden=\"true\" style=\"--awb-border-color:#e2e2e2;--awb-background:#ffffff;\"><div class=\"modal-dialog modal-lg\" role=\"document\"><div class=\"modal-content fusion-modal-content\"><div class=\"modal-header\"><button class=\"close\" type=\"button\" data-dismiss=\"modal\" aria-hidden=\"true\" aria-label=\"Close\">&times;<\/button><h3 class=\"modal-title\" id=\"modal-heading-2\" data-dismiss=\"modal\" aria-hidden=\"true\">bebyggelsesplan<\/h3><\/div><div class=\"modal-body fusion-clearfix\">\n<p><img decoding=\"async\" class=\"alignnone size-full wp-image-8705\" src=\"https:\/\/rosentalerhof.at\/wp-content\/uploads\/2021\/11\/Lageplan-Saalbach-Hinterglemm-WINTER.jpg\" alt=\"Kart over Winter Saalbach Hinterglemm Rosentalerhof Hotel and Apartments\" width=\"1024\" height=\"681\" srcset=\"https:\/\/rosentalerhof.at\/wp-content\/uploads\/2021\/11\/Lageplan-Saalbach-Hinterglemm-WINTER-200x133.jpg 200w, https:\/\/rosentalerhof.at\/wp-content\/uploads\/2021\/11\/Lageplan-Saalbach-Hinterglemm-WINTER-300x200.jpg 300w, https:\/\/rosentalerhof.at\/wp-content\/uploads\/2021\/11\/Lageplan-Saalbach-Hinterglemm-WINTER-400x266.jpg 400w, https:\/\/rosentalerhof.at\/wp-content\/uploads\/2021\/11\/Lageplan-Saalbach-Hinterglemm-WINTER-600x399.jpg 600w, https:\/\/rosentalerhof.at\/wp-content\/uploads\/2021\/11\/Lageplan-Saalbach-Hinterglemm-WINTER-768x511.jpg 768w, https:\/\/rosentalerhof.at\/wp-content\/uploads\/2021\/11\/Lageplan-Saalbach-Hinterglemm-WINTER-800x532.jpg 800w, https:\/\/rosentalerhof.at\/wp-content\/uploads\/2021\/11\/Lageplan-Saalbach-Hinterglemm-WINTER.jpg 1024w\" sizes=\"(max-width: 1024px) 100vw, 1024px\" \/><\/p>\n<\/div><\/div><\/div><\/div><\/div><\/div><div class=\"fusion-layout-column fusion_builder_column fusion-builder-column-7 fusion_builder_column_1_2 1_2 fusion-flex-column fusion-no-small-visibility fusion-no-medium-visibility\" style=\"--awb-padding-top:85%;--awb-padding-right:5%;--awb-padding-bottom:5%;--awb-padding-left:5%;--awb-padding-top-small:10%;--awb-bg-image:url(&#039;https:\/\/rosentalerhof.at\/wp-content\/uploads\/2022\/04\/Pool-Winter-2.jpg&#039;);--awb-bg-position:center top;--awb-bg-size:cover;--awb-width-large:50%;--awb-margin-top-large:0px;--awb-spacing-right-large:0px;--awb-margin-bottom-large:0px;--awb-spacing-left-large:0px;--awb-width-medium:100%;--awb-order-medium:0;--awb-spacing-right-medium:0px;--awb-spacing-left-medium:0px;--awb-width-small:100%;--awb-order-small:0;--awb-spacing-right-small:0px;--awb-spacing-left-small:0px;\" data-scroll-devices=\"small-visibility,medium-visibility,large-visibility\"><div class=\"fusion-column-wrapper fusion-column-has-shadow fusion-flex-justify-content-flex-start fusion-content-layout-column fusion-empty-column-bg-image fusion-column-has-bg-image\" data-bg-url=\"https:\/\/rosentalerhof.at\/wp-content\/uploads\/2022\/04\/Pool-Winter-2.jpg\"><img decoding=\"async\" class=\"fusion-empty-dims-img-placeholder fusion-no-large-visibility\" alt=\"Basseng Skikj\u00f8ring Saalbach Hinterglemm Rosentalerhof Hotel and Apartments\" aria-label=\"Basseng Skikj\u00f8ring Saalbach Hinterglemm Rosentalerhof Hotel and Apartments\" src=\"data:image\/svg+xml,%3Csvg%20xmlns%3D%27http%3A%2F%2Fwww.w3.org%2F2000%2Fsvg%27%20width%3D%271000%27%20height%3D%271000%27%20viewBox%3D%270%200%201000%201000%27%3E%3Crect%20width%3D%271000%27%20height%3D%271000%27%20fill-opacity%3D%220%22%2F%3E%3C%2Fsvg%3E\"><\/div><\/div><\/div><\/div><div class=\"fusion-fullwidth fullwidth-box fusion-builder-row-3 fusion-flex-container nonhundred-percent-fullwidth non-hundred-percent-height-scrolling cta fusion-custom-z-index\" style=\"--awb-border-radius-top-left:0px;--awb-border-radius-top-right:0px;--awb-border-radius-bottom-right:0px;--awb-border-radius-bottom-left:0px;--awb-z-index:99;--awb-padding-top:4%;--awb-padding-bottom:4%;--awb-background-color:#d4767b;--awb-flex-wrap:wrap;\" ><div class=\"fusion-builder-row fusion-row fusion-flex-align-items-flex-start fusion-flex-content-wrap\" style=\"max-width:1716px;margin-left: calc(-4% \/ 2 );margin-right: calc(-4% \/ 2 );\"><div class=\"fusion-layout-column fusion_builder_column fusion-builder-column-8 fusion-flex-column\" style=\"--awb-bg-size:cover;--awb-width-large:37%;--awb-margin-top-large:0px;--awb-spacing-right-large:5.1891891891892%;--awb-margin-bottom-large:0px;--awb-spacing-left-large:5.1891891891892%;--awb-width-medium:33.333333333333%;--awb-order-medium:0;--awb-spacing-right-medium:5.76%;--awb-spacing-left-medium:5.76%;--awb-width-small:100%;--awb-order-small:0;--awb-spacing-right-small:1.92%;--awb-spacing-left-small:1.92%;\"><div class=\"fusion-column-wrapper fusion-column-has-shadow fusion-flex-justify-content-flex-start fusion-content-layout-column\"><div class=\"fusion-title title fusion-title-6 fusion-sep-none fusion-title-center fusion-title-text fusion-title-size-four\" style=\"--awb-text-color:#ffffff;--awb-margin-top:0px;--awb-font-size:49px;\"><h4 class=\"fusion-title-heading title-heading-center\" style=\"margin:0;font-size:1em;line-height:50px;\">har du sp\u00f8rsm\u00e5l?<\/h4><\/div><\/div><\/div><div class=\"fusion-layout-column fusion_builder_column fusion-builder-column-9 fusion-flex-column\" style=\"--awb-bg-size:cover;--awb-width-large:33%;--awb-margin-top-large:0px;--awb-spacing-right-large:5.8181818181818%;--awb-margin-bottom-large:0px;--awb-spacing-left-large:5.8181818181818%;--awb-width-medium:33.333333333333%;--awb-order-medium:0;--awb-spacing-right-medium:5.76%;--awb-spacing-left-medium:5.76%;--awb-width-small:100%;--awb-order-small:0;--awb-spacing-right-small:1.92%;--awb-spacing-left-small:1.92%;\"><div class=\"fusion-column-wrapper fusion-column-has-shadow fusion-flex-justify-content-flex-start fusion-content-layout-column\"><div class=\"fusion-text fusion-text-3 md-text-align-center sm-text-align-center fusion-text-no-margin\" style=\"--awb-text-color:#ffffff;--awb-margin-top:0px;--awb-margin-bottom:0px;--awb-text-font-family:&quot;Wotfard-Light&quot;;--awb-text-font-style:normal;--awb-text-font-weight:400;\"><p>Vi setter gjerne sammen et individuelt tilbud til deg eller hjelper deg med ferieplanleggingen.<\/p>\n<\/div><\/div><\/div><div class=\"fusion-layout-column fusion_builder_column fusion-builder-column-10 fusion-flex-column\" style=\"--awb-bg-size:cover;--awb-width-large:30%;--awb-margin-top-large:0px;--awb-spacing-right-large:6.4%;--awb-margin-bottom-large:0px;--awb-spacing-left-large:6.4%;--awb-width-medium:33.333333333333%;--awb-order-medium:0;--awb-spacing-right-medium:5.76%;--awb-spacing-left-medium:5.76%;--awb-width-small:100%;--awb-order-small:0;--awb-spacing-right-small:1.92%;--awb-spacing-left-small:1.92%;\"><div class=\"fusion-column-wrapper fusion-column-has-shadow fusion-flex-justify-content-flex-end fusion-content-layout-column\"><div class=\"fusion-separator fusion-no-small-visibility fusion-no-medium-visibility fusion-full-width-sep\" style=\"align-self: center;margin-left: auto;margin-right: auto;margin-bottom:200px;width:100%;\"><\/div><div class=\"md-text-align-center sm-text-align-center\" style=\"text-align:right;\"><a class=\"fusion-button button-flat fusion-button-default-size button-custom fusion-button-default button-1 fusion-button-default-span fusion-button-default-type\" style=\"--button_accent_color:#ffffff;--button_border_color:#ffffff;--button_accent_hover_color:#000000;--button_border_hover_color:#ffffff;--button_border_width-top:2px;--button_border_width-right:2px;--button_border_width-bottom:2px;--button_border_width-left:2px;--button_gradient_top_color:rgba(101,188,123,0);--button_gradient_bottom_color:rgba(101,188,123,0);--button_gradient_top_color_hover:#ffffff;--button_gradient_bottom_color_hover:#ffffff;\" target=\"_self\" href=\"https:\/\/rosentalerhof.at\/no\/forespoersel\/\"><span class=\"fusion-button-text awb-button__text awb-button__text--default\">KONTAKT<\/span><\/a><\/div><\/div><\/div><\/div><\/div>\n<\/p>\n","protected":false},"excerpt":{"rendered":"","protected":false},"author":1,"featured_media":0,"parent":0,"menu_order":0,"comment_status":"closed","ping_status":"closed","template":"100-width.php","meta":{"footnotes":""},"class_list":["post-19218","page","type-page","status-publish","hentry"],"_links":{"self":[{"href":"https:\/\/rosentalerhof.at\/no\/wp-json\/wp\/v2\/pages\/19218","targetHints":{"allow":["GET"]}}],"collection":[{"href":"https:\/\/rosentalerhof.at\/no\/wp-json\/wp\/v2\/pages"}],"about":[{"href":"https:\/\/rosentalerhof.at\/no\/wp-json\/wp\/v2\/types\/page"}],"author":[{"embeddable":true,"href":"https:\/\/rosentalerhof.at\/no\/wp-json\/wp\/v2\/users\/1"}],"replies":[{"embeddable":true,"href":"https:\/\/rosentalerhof.at\/no\/wp-json\/wp\/v2\/comments?post=19218"}],"version-history":[{"count":35,"href":"https:\/\/rosentalerhof.at\/no\/wp-json\/wp\/v2\/pages\/19218\/revisions"}],"predecessor-version":[{"id":30743,"href":"https:\/\/rosentalerhof.at\/no\/wp-json\/wp\/v2\/pages\/19218\/revisions\/30743"}],"wp:attachment":[{"href":"https:\/\/rosentalerhof.at\/no\/wp-json\/wp\/v2\/media?parent=19218"}],"curies":[{"name":"wp","href":"https:\/\/api.w.org\/{rel}","templated":true}]}}