{"id":19312,"date":"2023-06-22T15:26:45","date_gmt":"2023-06-22T13:26:45","guid":{"rendered":"https:\/\/rosentalerhof.at\/kanselleringsbetingelser\/"},"modified":"2026-02-11T09:32:38","modified_gmt":"2026-02-11T08:32:38","slug":"kanselleringsbetingelser","status":"publish","type":"page","link":"https:\/\/rosentalerhof.at\/no\/kanselleringsbetingelser\/","title":{"rendered":"kanselleringsbetingelser"},"content":{"rendered":"<p><div class=\"fusion-fullwidth fullwidth-box fusion-builder-row-1 fusion-flex-container fusion-parallax-none nonhundred-percent-fullwidth non-hundred-percent-height-scrolling essen-top top-dark-bg\" style=\"--awb-background-position:center top;--awb-border-radius-top-left:0px;--awb-border-radius-top-right:0px;--awb-border-radius-bottom-right:0px;--awb-border-radius-bottom-left:0px;--awb-padding-top:10%;--awb-padding-bottom:2%;--awb-padding-top-medium:25%;--awb-padding-top-small:35%;--awb-padding-bottom-small:0%;--awb-background-color:#f3f4ef;--awb-background-image:linear-gradient(180deg, rgba(0,0,0,0.3) 0%,rgba(255,255,255,0) 40%),url(https:\/\/rosentalerhof.at\/wp-content\/uploads\/2021\/11\/Rosentalerhof-Hotel-1.jpg);;--awb-background-size:cover;--awb-flex-wrap:wrap;\" ><div class=\"fusion-builder-row fusion-row fusion-flex-align-items-flex-start fusion-flex-content-wrap\" style=\"max-width:1716px;margin-left: calc(-4% \/ 2 );margin-right: calc(-4% \/ 2 );\"><div class=\"fusion-layout-column fusion_builder_column fusion-builder-column-0 fusion_builder_column_1_1 1_1 fusion-flex-column\" style=\"--awb-bg-size:cover;--awb-width-large:100%;--awb-margin-top-large:0px;--awb-spacing-right-large:1.92%;--awb-margin-bottom-large:20px;--awb-spacing-left-large:1.92%;--awb-width-medium:100%;--awb-order-medium:0;--awb-spacing-right-medium:1.92%;--awb-spacing-left-medium:1.92%;--awb-width-small:100%;--awb-order-small:0;--awb-spacing-right-small:1.92%;--awb-spacing-left-small:1.92%;\"><div class=\"fusion-column-wrapper fusion-column-has-shadow fusion-flex-justify-content-flex-start fusion-content-layout-column\"><div class=\"fusion-separator fusion-no-small-visibility fusion-no-medium-visibility fusion-full-width-sep\" style=\"align-self: center;margin-left: auto;margin-right: auto;margin-bottom:450px;width:100%;\"><\/div><div class=\"fusion-separator fusion-full-width-sep\" style=\"align-self: center;margin-left: auto;margin-right: auto;margin-bottom:70px;width:100%;\"><\/div><div class=\"fusion-title title fusion-title-1 fusion-sep-none fusion-title-text fusion-title-size-div\" style=\"--awb-text-color:#ffffff;--awb-margin-top:0px;--awb-margin-bottom:0px;\"><div class=\"fusion-title-heading title-heading-left title-heading-tag\" style=\"margin:0;\">kanselleringsbetingelser<\/div><\/div><\/div><\/div><\/div><\/div><div class=\"fusion-fullwidth fullwidth-box fusion-builder-row-2 fusion-flex-container nonhundred-percent-fullwidth non-hundred-percent-height-scrolling\" style=\"--awb-border-radius-top-left:0px;--awb-border-radius-top-right:0px;--awb-border-radius-bottom-right:0px;--awb-border-radius-bottom-left:0px;--awb-flex-wrap:wrap;\" ><div class=\"fusion-builder-row fusion-row fusion-flex-align-items-flex-start fusion-flex-content-wrap\" style=\"max-width:1716px;margin-left: calc(-4% \/ 2 );margin-right: calc(-4% \/ 2 );\"><div class=\"fusion-layout-column fusion_builder_column fusion-builder-column-1 fusion_builder_column_1_1 1_1 fusion-flex-column\" style=\"--awb-bg-size:cover;--awb-width-large:100%;--awb-margin-top-large:0px;--awb-spacing-right-large:1.92%;--awb-margin-bottom-large:10%;--awb-spacing-left-large:1.92%;--awb-width-medium:100%;--awb-order-medium:0;--awb-spacing-right-medium:1.92%;--awb-spacing-left-medium:1.92%;--awb-width-small:100%;--awb-order-small:0;--awb-spacing-right-small:1.92%;--awb-spacing-left-small:1.92%;\"><div class=\"fusion-column-wrapper fusion-column-has-shadow fusion-flex-justify-content-flex-start fusion-content-layout-column\"><div class=\"fusion-separator fusion-full-width-sep\" style=\"align-self: center;margin-left: auto;margin-right: auto;margin-top:30px;width:100%;\"><\/div><div class=\"fusion-title title fusion-title-2 fusion-sep-none fusion-title-center fusion-title-text fusion-title-size-one\"><h1 class=\"fusion-title-heading title-heading-center\" style=\"margin:0;\">bestillingsinformasjon<\/h1><\/div><div class=\"fusion-separator fusion-full-width-sep\" style=\"align-self: center;margin-left: auto;margin-right: auto;margin-top:30px;width:100%;\"><\/div><div class=\"accordian fusion-accordian gut-zu-wissen\" style=\"--awb-border-size:1px;--awb-icon-size:16px;--awb-content-font-size:21px;--awb-icon-alignment:right;--awb-hover-color:#f9f9fb;--awb-border-color:#e2e2e2;--awb-background-color:#ffffff;--awb-divider-color:#e2e2e2;--awb-divider-hover-color:#e2e2e2;--awb-icon-color:#404040;--awb-title-color:#404040;--awb-content-color:#404040;--awb-icon-box-color:#212934;--awb-toggle-hover-accent-color:#8f9e1d;--awb-title-font-family:&quot;aller-regular&quot;;--awb-title-font-weight:400;--awb-title-font-style:normal;--awb-title-font-size:28px;--awb-content-font-family:&quot;aller-regular&quot;;--awb-content-font-style:normal;--awb-content-font-weight:400;\"><div class=\"panel-group fusion-toggle-icon-right fusion-toggle-icon-unboxed\" id=\"accordion-19312-1\"><div class=\"fusion-panel panel-default panel-b3aa2b18c2bcfad68 fusion-toggle-has-divider\"><div class=\"panel-heading\"><h4 class=\"panel-title toggle\" id=\"toggle_b3aa2b18c2bcfad68\"><a aria-expanded=\"false\" aria-controls=\"b3aa2b18c2bcfad68\" role=\"button\" data-toggle=\"collapse\" data-parent=\"#accordion-19312-1\" data-target=\"#b3aa2b18c2bcfad68\" href=\"#b3aa2b18c2bcfad68\"><span class=\"fusion-toggle-icon-wrapper\" aria-hidden=\"true\"><i class=\"fa-fusion-box active-icon awb-icon-minus\" aria-hidden=\"true\"><\/i><i class=\"fa-fusion-box inactive-icon awb-icon-plus\" aria-hidden=\"true\"><\/i><\/span><span class=\"fusion-toggle-heading\">Reservasjonsbetingelser<\/span><\/a><\/h4><\/div><div id=\"b3aa2b18c2bcfad68\" class=\"panel-collapse collapse \" aria-labelledby=\"toggle_b3aa2b18c2bcfad68\"><div class=\"panel-body toggle-content fusion-clearfix\">\n<div id=\"zahlung\">Vi ber om din forst\u00e5else, din reservasjon vil kun bli <strong>fikset med depositumet<\/strong> .<\/div>\n<\/div><\/div><\/div><div class=\"fusion-panel panel-default panel-2ab4a65c203a7438e fusion-toggle-has-divider\" style=\"--awb-title-color:#404040;--awb-content-color:#404040;\"><div class=\"panel-heading\"><h4 class=\"panel-title toggle\" id=\"toggle_2ab4a65c203a7438e\"><a aria-expanded=\"false\" aria-controls=\"2ab4a65c203a7438e\" role=\"button\" data-toggle=\"collapse\" data-parent=\"#accordion-19312-1\" data-target=\"#2ab4a65c203a7438e\" href=\"#2ab4a65c203a7438e\"><span class=\"fusion-toggle-icon-wrapper\" aria-hidden=\"true\"><i class=\"fa-fusion-box active-icon awb-icon-minus\" aria-hidden=\"true\"><\/i><i class=\"fa-fusion-box inactive-icon awb-icon-plus\" aria-hidden=\"true\"><\/i><\/span><span class=\"fusion-toggle-heading\">kanselleringsbetingelser<\/span><\/a><\/h4><\/div><div id=\"2ab4a65c203a7438e\" class=\"panel-collapse collapse \" aria-labelledby=\"toggle_2ab4a65c203a7438e\"><div class=\"panel-body toggle-content fusion-clearfix\">\n<div id=\"zahlung\">\n<ul>\n<li>Inntil <strong>8 uker<\/strong> f\u00f8r ankomstdagen er det ingen avbestillingsgebyr.<\/li>\n<li><strong>8 til 2 uker<\/strong> f\u00f8r ankomstdagen: 30 % av den totale pakkeprisen<\/li>\n<li>i de siste <strong>to ukene<\/strong> f\u00f8r ankomstdagen: 90 % av den totale pakkeprisen<\/li>\n<li>Ved <strong>tidlig avreise<\/strong> eller <strong>sen ankomst<\/strong> vil hele bel\u00f8pet bli belastet. Reservasjonen din anses som gyldig n\u00e5r du har f\u00e5tt en skriftlig bekreftelse p\u00e5 bestillingen din og en ny bekreftelse fra oss.<\/li>\n<\/ul>\n<p>Reiseavbestillingsforsikring:  <!-- x-hugerte\/html --><\/p>\n<ul>\n<li>Siden man aldri vet hva som kan skje, anbefaler vi at du tegner en avbestillingsforsikring (merk: denne er noen ganger ogs\u00e5 inkludert i kredittkort). Alternativt kan du enkelt tegne forsikring her: <a href=\"https:\/\/www.europaeische.at\/reiseversicherungen\/hotelstorno-premium\" target=\"_blank\" rel=\"noopener\">https:\/\/www.europaeische.at\/reiseversicherungen\/hotelstorno-premium<\/a> <\/li>\n<\/ul>\n<\/div>\n<\/div><\/div><\/div><div class=\"fusion-panel panel-default panel-971ae5949bcba2a52 fusion-toggle-has-divider\" style=\"--awb-title-color:#404040;--awb-content-color:#404040;\"><div class=\"panel-heading\"><h4 class=\"panel-title toggle\" id=\"toggle_971ae5949bcba2a52\"><a aria-expanded=\"false\" aria-controls=\"971ae5949bcba2a52\" role=\"button\" data-toggle=\"collapse\" data-parent=\"#accordion-19312-1\" data-target=\"#971ae5949bcba2a52\" href=\"#971ae5949bcba2a52\"><span class=\"fusion-toggle-icon-wrapper\" aria-hidden=\"true\"><i class=\"fa-fusion-box active-icon awb-icon-minus\" aria-hidden=\"true\"><\/i><i class=\"fa-fusion-box inactive-icon awb-icon-plus\" aria-hidden=\"true\"><\/i><\/span><span class=\"fusion-toggle-heading\">avbestillingsforsikring<\/span><\/a><\/h4><\/div><div id=\"971ae5949bcba2a52\" class=\"panel-collapse collapse \" aria-labelledby=\"toggle_971ae5949bcba2a52\"><div class=\"panel-body toggle-content fusion-clearfix\">\n<div id=\"zahlung\">\n<p>Siden man aldri vet hva som kan skje, anbefaler vi at du tegner en avbestillingsforsikring (merk: denne er noen ganger ogs\u00e5 inkludert i kredittkort). Alternativt kan du enkelt tegne forsikring her: <a href=\"https:\/\/www.europaeische.at\/reiseversicherungen\/hotelstorno-premium\" target=\"_blank\" rel=\"noopener\">https:\/\/www.europaeische.at\/reiseversicherungen\/hotelstorno-premium<\/a> <\/p>\n<\/div>\n<\/div><\/div><\/div><div class=\"fusion-panel panel-default panel-e5c8a0415bb094c2b fusion-toggle-has-divider\" style=\"--awb-title-color:#404040;--awb-content-color:#404040;\"><div class=\"panel-heading\"><h4 class=\"panel-title toggle\" id=\"toggle_e5c8a0415bb094c2b\"><a aria-expanded=\"false\" aria-controls=\"e5c8a0415bb094c2b\" role=\"button\" data-toggle=\"collapse\" data-parent=\"#accordion-19312-1\" data-target=\"#e5c8a0415bb094c2b\" href=\"#e5c8a0415bb094c2b\"><span class=\"fusion-toggle-icon-wrapper\" aria-hidden=\"true\"><i class=\"fa-fusion-box active-icon awb-icon-minus\" aria-hidden=\"true\"><\/i><i class=\"fa-fusion-box inactive-icon awb-icon-plus\" aria-hidden=\"true\"><\/i><\/span><span class=\"fusion-toggle-heading\">betalingsalternativer<\/span><\/a><\/h4><\/div><div id=\"e5c8a0415bb094c2b\" class=\"panel-collapse collapse \" aria-labelledby=\"toggle_e5c8a0415bb094c2b\"><div class=\"panel-body toggle-content fusion-clearfix\">\n<div id=\"zahlung\">\n<p>Fakturaen kan fortrinnsvis betales kontant eller med kredittkort (Visa, EC-kort, Mastercard). Vi tar ikke imot sjekker.<\/p>\n<p>V\u00e5re bankdetaljer:<\/p>\n<p><strong>Mottaker:<\/strong> Enn Hotel GmbH \/ Co KG<br \/>\n<strong>BIC<\/strong> : RVSAAT2S052<br \/>\n<strong>IBAN<\/strong> : AT80 3505 2000 0002 3929<br \/>\n<strong>BLZ<\/strong> : 35052<\/p>\n<p>Bank: Raiffeisenbank Saalbach-Hinterglemm-Viehhofen regGenmbH &#8211; Hinterglemm filial, Dorfstr. 260 5754 Hinterglemm<\/p>\n<\/div>\n<\/div><\/div><\/div><\/div><\/div>\n<div class=\"fusion-separator fusion-full-width-sep\" style=\"align-self: center;margin-left: auto;margin-right: auto;margin-top:30px;width:100%;\"><\/div><\/div><\/div><\/div><\/div><\/p>\n","protected":false},"excerpt":{"rendered":"","protected":false},"author":1,"featured_media":0,"parent":0,"menu_order":0,"comment_status":"closed","ping_status":"closed","template":"100-width.php","meta":{"footnotes":""},"class_list":["post-19312","page","type-page","status-publish","hentry"],"_links":{"self":[{"href":"https:\/\/rosentalerhof.at\/no\/wp-json\/wp\/v2\/pages\/19312","targetHints":{"allow":["GET"]}}],"collection":[{"href":"https:\/\/rosentalerhof.at\/no\/wp-json\/wp\/v2\/pages"}],"about":[{"href":"https:\/\/rosentalerhof.at\/no\/wp-json\/wp\/v2\/types\/page"}],"author":[{"embeddable":true,"href":"https:\/\/rosentalerhof.at\/no\/wp-json\/wp\/v2\/users\/1"}],"replies":[{"embeddable":true,"href":"https:\/\/rosentalerhof.at\/no\/wp-json\/wp\/v2\/comments?post=19312"}],"version-history":[{"count":6,"href":"https:\/\/rosentalerhof.at\/no\/wp-json\/wp\/v2\/pages\/19312\/revisions"}],"predecessor-version":[{"id":26225,"href":"https:\/\/rosentalerhof.at\/no\/wp-json\/wp\/v2\/pages\/19312\/revisions\/26225"}],"wp:attachment":[{"href":"https:\/\/rosentalerhof.at\/no\/wp-json\/wp\/v2\/media?parent=19312"}],"curies":[{"name":"wp","href":"https:\/\/api.w.org\/{rel}","templated":true}]}}