{"id":19325,"date":"2023-06-22T15:26:50","date_gmt":"2023-06-22T13:26:50","guid":{"rendered":"https:\/\/rosentalerhof.at\/avtrykk\/"},"modified":"2023-06-22T15:26:50","modified_gmt":"2023-06-22T13:26:50","slug":"avtrykk","status":"publish","type":"page","link":"https:\/\/rosentalerhof.at\/no\/avtrykk\/","title":{"rendered":"avtrykk"},"content":{"rendered":"<p><div class=\"fusion-fullwidth fullwidth-box fusion-builder-row-1 fusion-flex-container fusion-parallax-none nonhundred-percent-fullwidth non-hundred-percent-height-scrolling essen-top top-dark-bg\" style=\"--awb-background-position:center top;--awb-border-radius-top-left:0px;--awb-border-radius-top-right:0px;--awb-border-radius-bottom-right:0px;--awb-border-radius-bottom-left:0px;--awb-padding-top:10%;--awb-padding-bottom:2%;--awb-padding-top-medium:25%;--awb-padding-top-small:35%;--awb-padding-bottom-small:0%;--awb-background-color:#f3f4ef;--awb-background-image:linear-gradient(180deg, rgba(0,0,0,0.3) 0%,rgba(255,255,255,0) 40%),url(https:\/\/rosentalerhof.at\/wp-content\/uploads\/2021\/09\/Pool-Winter-Saalbach.jpg);;--awb-background-size:cover;--awb-flex-wrap:wrap;\" ><div class=\"fusion-builder-row fusion-row fusion-flex-align-items-flex-start fusion-flex-content-wrap\" style=\"max-width:1716px;margin-left: calc(-4% \/ 2 );margin-right: calc(-4% \/ 2 );\"><div class=\"fusion-layout-column fusion_builder_column fusion-builder-column-0 fusion_builder_column_1_1 1_1 fusion-flex-column\" style=\"--awb-bg-size:cover;--awb-width-large:100%;--awb-margin-top-large:0px;--awb-spacing-right-large:1.92%;--awb-margin-bottom-large:20px;--awb-spacing-left-large:1.92%;--awb-width-medium:100%;--awb-order-medium:0;--awb-spacing-right-medium:1.92%;--awb-spacing-left-medium:1.92%;--awb-width-small:100%;--awb-order-small:0;--awb-spacing-right-small:1.92%;--awb-spacing-left-small:1.92%;\"><div class=\"fusion-column-wrapper fusion-column-has-shadow fusion-flex-justify-content-flex-start fusion-content-layout-column\"><div class=\"fusion-separator fusion-no-small-visibility fusion-no-medium-visibility fusion-full-width-sep\" style=\"align-self: center;margin-left: auto;margin-right: auto;margin-bottom:450px;width:100%;\"><\/div><div class=\"fusion-separator fusion-full-width-sep\" style=\"align-self: center;margin-left: auto;margin-right: auto;margin-bottom:70px;width:100%;\"><\/div><div class=\"fusion-title title fusion-title-1 fusion-sep-none fusion-title-text fusion-title-size-one\" style=\"--awb-text-color:#ffffff;--awb-margin-top:0px;--awb-margin-bottom:0px;--awb-font-size:40px;\"><h1 class=\"fusion-title-heading title-heading-left\" style=\"font-family:&quot;Wotfard-Regular&quot;;font-style:normal;font-weight:400;margin:0;font-size:1em;line-height:50px;\">avtrykk<\/h1><\/div><\/div><\/div><\/div><\/div><div class=\"fusion-fullwidth fullwidth-box fusion-builder-row-2 fusion-flex-container nonhundred-percent-fullwidth non-hundred-percent-height-scrolling\" style=\"--awb-border-radius-top-left:0px;--awb-border-radius-top-right:0px;--awb-border-radius-bottom-right:0px;--awb-border-radius-bottom-left:0px;--awb-flex-wrap:wrap;\" ><div class=\"fusion-builder-row fusion-row fusion-flex-align-items-flex-start fusion-flex-content-wrap\" style=\"max-width:1716px;margin-left: calc(-4% \/ 2 );margin-right: calc(-4% \/ 2 );\"><div class=\"fusion-layout-column fusion_builder_column fusion-builder-column-1 fusion_builder_column_1_1 1_1 fusion-flex-column\" style=\"--awb-bg-size:cover;--awb-width-large:100%;--awb-margin-top-large:0px;--awb-spacing-right-large:1.92%;--awb-margin-bottom-large:10%;--awb-spacing-left-large:1.92%;--awb-width-medium:100%;--awb-order-medium:0;--awb-spacing-right-medium:1.92%;--awb-spacing-left-medium:1.92%;--awb-width-small:100%;--awb-order-small:0;--awb-spacing-right-small:1.92%;--awb-spacing-left-small:1.92%;\"><div class=\"fusion-column-wrapper fusion-column-has-shadow fusion-flex-justify-content-flex-start fusion-content-layout-column\"><div class=\"fusion-separator fusion-full-width-sep\" style=\"align-self: center;margin-left: auto;margin-right: auto;margin-top:30px;width:100%;\"><\/div><div class=\"fusion-text fusion-text-1\" style=\"--awb-content-alignment:left;--awb-text-transform:none;\"><h1 style=\"text-align: center;\">avtrykk<\/h1>\n<p><strong>Rosentalerhof Hotel &amp; Apartments<\/strong><br \/>\n<strong>Enn Hotel GmbH &amp; Co KG<\/strong><br \/>\nM\u00fchlfeldweg 369<br \/>\n5754 Saalbach Hinterglemm<\/p>\n<p><strong>Telefon:<\/strong> +43 6541 7237<br \/>\n<strong>Faks:<\/strong> +43 6541 7237 57<br \/>\n<strong>E-post:<\/strong> <a href=\"mailto:hotel@rosentalerhof.at\">hotel@rosentalerhof.at<\/a><\/p>\n<p><strong>MVA-nummer:<\/strong> ATU33611801<br \/>\n<strong>Firmanummer:<\/strong> 253863d<br \/>\n<strong>Selskapsdomstol:<\/strong> Salzburg regionale domstol<br \/>\n<strong>myndighet iht. EKG:  <\/strong>Distriktsmyndighet Zell am See<\/p>\n<h2 style=\"text-align: center;\">bankinformasjon<\/h2>\n<p><strong>BIC:<\/strong> RVSAAT2S052<br \/>\n<strong>IBAN:<\/strong> AT80 3505 2000 0002 3929<\/p>\n<p><strong>Bank:<\/strong> Raiffeisenbank Saalbach-Hinterglemm-Viehhofen regGenmbH &#8211; Hinterglemm filial, Dorfstr. 260, 5754 Hinterglemm<\/p>\n<h2 style=\"text-align: center;\">Fotokreditt<\/h2>\n<p>\u00a9 TVB Saalbach Hinterglemm<br \/>\n\u00a9 Saalbach<br \/>\n\u00a9 saalbach.com, Mirja Geh<br \/>\n\u00a9 saalbach.com, Daniel Roos<br \/>\n\u00a9 saalbach.com, Tom Bause<br \/>\n\u00a9 saalbach.com, Christian W\u00f6ckinger<br \/>\n\u00a9 saalbach.com, Nathan Hughes<br \/>\n\u00a9 SalzburgerLand Tourismus<br \/>\n\u00a9 Christian Woeckinger<br \/>\n\u00a9 Hansi Heckmair<br \/>\n\u00a9 Stefan Voitl<br \/>\n\u00a9 Lukas Pilz<br \/>\n\u00a9 Colin Cyruz<br \/>\n\u00a9 Bause Print<br \/>\n\u00a9 Sportalpen GmbH<br \/>\n\u00a9 Eisriesenwelt GmbH<br \/>\n\u00a9 TVB Krimml<br \/>\n\u00a9 \u00d6AV Warnsdorf\/Krimml<br \/>\n\u00a9 Hochk\u00f6nig Tourismus GmbH<\/p>\n<p>Alt innhold og nedlastinger publisert p\u00e5 denne nettsiden er beskyttet av opphavsrett. Duplisering eller bruk i andre elektroniske eller trykte publikasjoner er ikke tillatt uten uttrykkelig samtykke fra forfatteren.<\/p>\n<h2 style=\"text-align: center;\">Konsepsjon, webdesign, implementering og markedsf\u00f8ring<\/h2>\n<div>\n<\/div>\n<h3>Konsept og markedsf\u00f8ring<\/h3>\n<p><a href=\"https:\/\/www.feingestalten.at\/\" target=\"_blank\" rel=\"noopener\"><strong>fin\u00b0 design<\/strong><\/a><br \/>dr Barbara Guger<br \/>Kuefsteingasse 30\/1\/2<br \/>1140 Wien<br \/>\nT: <a href=\"tel:+436765103935\">+43-676-5103935<\/a><br \/>\nE-post: <a href=\"mailto:b.guger@feingestalten.at\">b.guger@feingestalten.at<\/a><br \/>\nInternett: <a href=\"https:\/\/www.feingestalten.at\" target=\"_blank\" rel=\"noopener\">www.feingestalten.at<\/a><\/p>\n<h3>Implementering og webutvikling<\/h3>\n<p><a href=\"https:\/\/www.agentur-dreirad.at\" target=\"_blank\" rel=\"noopener\"><strong>Internett-byr\u00e5et Dreirad Salzburg<\/strong><\/a><br \/>\nMoosstrasse 60<br \/>\n5020 Salzburg<br \/>\nT: <a href=\"tel:+43662259381\">+43-662-259381<\/a><br \/>\nE-post: <a href=\"mailto:office@agentur-dreirad.com\">office@agentur-dreirad.com<\/a><br \/>\nInternett: <a href=\"https:\/\/www.agentur-dreirad.at\" target=\"_blank\" rel=\"noopener\">www.agentur-dreirad.at<\/a><\/p>\n<h2 style=\"text-align: center;\">Data beskyttelse<\/h2>\n<h3>Google Analytics og Google Remarketing<\/h3>\n<p>Denne nettsiden bruker Google Analytics og Google Remarketing. Dette er tjenester fra Google Inc. (&laquo;Google&raquo;). Google bruker s\u00e5kalte \u00abcookies\u00bb, tekstfiler som lagres p\u00e5 datamaskinen din og muliggj\u00f8r en analyse av din bruk av nettsiden. Informasjonen som genereres av informasjonskapselen om din bruk av denne nettsiden (inkludert IP-adressen din) overf\u00f8res til en Google-server i USA og lagres der. IP-adressen forkortes deretter av Google med de tre siste sifrene, s\u00e5 en klar tilordning av IP-adressen er ikke lenger mulig. Google overholder databeskyttelsesbestemmelsene i den amerikanske Safe Harbor-avtalen og er registrert hos det amerikanske handelsdepartementets Safe Harbor-program.<\/p>\n<p>Google vil bruke denne informasjonen til \u00e5 evaluere din bruk av nettstedet, for \u00e5 sammenstille rapporter om nettstedaktivitet for nettstedoperat\u00f8rer og for \u00e5 tilby andre tjenester relatert til nettstedaktivitet og internettbruk. Google kan ogs\u00e5 overf\u00f8re denne informasjonen til tredjeparter hvis loven krever det, eller hvis tredjeparter behandler disse dataene p\u00e5 vegne av Google.<\/p>\n<p>Tredjepartsleverand\u00f8rer, inkludert Google, viser annonser p\u00e5 nettsteder over hele internett. Tredjeparter, inkludert Google, bruker lagrede informasjonskapsler for \u00e5 vise annonser basert p\u00e5 en brukers tidligere bes\u00f8k p\u00e5 denne nettsiden.<\/p>\n<p>Under ingen omstendigheter vil Google knytte IP-adressen din til andre Google-data. Du kan protestere mot innsamling og lagring av data n\u00e5r som helst med virkning for fremtiden. Du kan velge bort Googles bruk av informasjonskapsler ved \u00e5 g\u00e5 til Google Ads-siden for bortmelding. Alternativt kan brukere deaktivere bruken av informasjonskapsler fra tredjeparter ved \u00e5 bes\u00f8ke deaktiveringssiden til nettverksannonseringsinitiativet.<\/p>\n<p>Vi vil imidlertid p\u00e5peke at du i dette tilfellet kanskje ikke kan bruke alle funksjonene p\u00e5 denne nettsiden i sin fulle grad. Ved \u00e5 bruke denne nettsiden samtykker du til behandling av data om deg av Google p\u00e5 den m\u00e5ten og for form\u00e5lene som er angitt ovenfor.<\/p>\n<p>Du kan protestere mot innsamling og lagring av data n\u00e5r som helst med virkning for fremtiden. Du finner mer informasjon om Googles regelverk her.<\/p>\n<h3>Facebook-plugins<\/h3>\n<p>Denne nettsiden bruker plugins fra det sosiale nettverket facebook.com, som drives av Facebook Inc., 1601 S. California Ave, Palo Alto, CA 94304, USA (&laquo;Facebook&raquo;).<\/p>\n<p>Hvis du ringer opp nettsider p\u00e5 nettsiden v\u00e5r som har en slik plugin, etableres en tilkobling til Facebook-serverne og plugin vises p\u00e5 nettsiden ved \u00e5 varsle din nettleser. Dette overf\u00f8rer til Facebook-serveren hvilke av v\u00e5re nettsider du har bes\u00f8kt. Hvis du er logget inn som medlem av Facebook, tildeler Facebook denne informasjonen til din personlige Facebook-brukerkonto. N\u00e5r du bruker plugin-funksjonene (f.eks. \u00e5 klikke p\u00e5 &laquo;Liker&raquo;-knappen, legge inn en kommentar), blir denne informasjonen ogs\u00e5 tilordnet Facebook-kontoen din, som du kun kan forhindre ved \u00e5 logge ut f\u00f8r du bruker plugin-en.<\/p>\n<p>Du kan finne mer informasjon om Facebooks innsamling og bruk av data og dine rettigheter i denne forbindelse Alternativer for \u00e5 beskytte personvernet ditt finner du i Facebooks databeskyttelsesinformasjon.<\/p>\n<h3 style=\"text-align: left;\">Opphavsrett og lenker<\/h3>\n<p>Opphavsretten og duplisering eller bruk av alle bilder, bilder, grafikk, mediefiler og tekster i andre elektroniske eller trykte publikasjoner er ikke tillatt uten uttrykkelig skriftlig samtykke. Kopiering, videresending eller reproduksjon (inkludert utskrift p\u00e5 papir) er kun tillatt for personlig visning. Opphavsrett og varemerkelov gjelder for nettstedet.<\/p>\n<p>Regionaldomstolen i Hamburg avgjorde per dom datert 12. mai 1998 at ved \u00e5 inkludere en lenke p\u00e5 sin side, kan man ogs\u00e5 v\u00e6re ansvarlig for innholdet som er inkludert der. If\u00f8lge regionretten kan det \u00e5 akseptere denne ansvarligheten kun utelukkes ved uttrykkelig \u00e5 ta avstand fra dette innholdet. Vi har plassert lenker til andre nettsteder p\u00e5 Internett p\u00e5 disse sidene. F\u00f8lgende gjelder for alle disse lenkene: Vi vil uttrykkelig sl\u00e5 fast at vi ikke har noen innflytelse p\u00e5 utformingen eller innholdet p\u00e5 de lenkede sidene. Vi tar derfor herved uttrykkelig avstand fra alt innhold p\u00e5 alle lenkede sider p\u00e5 denne hjemmesiden og adopterer ikke innholdet som v\u00e5rt eget. Denne erkl\u00e6ringen gjelder for alle lenker p\u00e5 v\u00e5r hjemmeside.<\/p>\n<h3>Informasjon om nettbasert tvistel\u00f8sning i henhold til art. 14 para. 1 ODR-VO<\/h3>\n<p>EU-kommisjonen tilbyr muligheten for online tvistel\u00f8sning p\u00e5 en plattform som drives av den (s\u00e5kalt &laquo;OS-plattform&raquo;). OS-plattformen kan tjene som et kontaktpunkt for utenrettslig l\u00f8sning av tvister som oppst\u00e5r fra nettbaserte salgskontrakter eller tjenestekontrakter. Denne plattformen kan n\u00e5s via den eksterne lenken http:\/\/ec.europa.eu\/consumers\/odr.<\/p>\n<\/div><\/div><\/div><\/div><\/div><\/p>\n","protected":false},"excerpt":{"rendered":"","protected":false},"author":1,"featured_media":0,"parent":0,"menu_order":0,"comment_status":"closed","ping_status":"closed","template":"100-width.php","meta":{"footnotes":""},"class_list":["post-19325","page","type-page","status-publish","hentry"],"_links":{"self":[{"href":"https:\/\/rosentalerhof.at\/no\/wp-json\/wp\/v2\/pages\/19325","targetHints":{"allow":["GET"]}}],"collection":[{"href":"https:\/\/rosentalerhof.at\/no\/wp-json\/wp\/v2\/pages"}],"about":[{"href":"https:\/\/rosentalerhof.at\/no\/wp-json\/wp\/v2\/types\/page"}],"author":[{"embeddable":true,"href":"https:\/\/rosentalerhof.at\/no\/wp-json\/wp\/v2\/users\/1"}],"replies":[{"embeddable":true,"href":"https:\/\/rosentalerhof.at\/no\/wp-json\/wp\/v2\/comments?post=19325"}],"version-history":[{"count":0,"href":"https:\/\/rosentalerhof.at\/no\/wp-json\/wp\/v2\/pages\/19325\/revisions"}],"wp:attachment":[{"href":"https:\/\/rosentalerhof.at\/no\/wp-json\/wp\/v2\/media?parent=19325"}],"curies":[{"name":"wp","href":"https:\/\/api.w.org\/{rel}","templated":true}]}}